{"id":1105,"date":"2021-04-29T16:10:57","date_gmt":"2021-04-29T16:10:57","guid":{"rendered":"https:\/\/salesianos.info\/mayosalesiano\/?page_id=1105"},"modified":"2025-04-04T17:28:55","modified_gmt":"2025-04-04T15:28:55","slug":"7-de-mayo","status":"publish","type":"page","link":"https:\/\/salesianos.info\/mayosalesiano\/7-de-mayo\/","title":{"rendered":"7 mayo"},"content":{"rendered":"<p>[et_pb_section fb_built=\u00bb1&#8243; fullwidth=\u00bbon\u00bb _builder_version=\u00bb4.16&#8243; _module_preset=\u00bbdefault\u00bb global_colors_info=\u00bb{}\u00bb][et_pb_fullwidth_header title=\u00bb#MayoSalesiano\u00bb button_one_text=\u00bbIR A TODOS LOS RECURSOS\u00bb button_one_url=\u00bb@ET-DC@eyJkeW5hbWljIjp0cnVlLCJjb250ZW50IjoicG9zdF9saW5rX3VybF9wYWdlIiwic2V0dGluZ3MiOnsicG9zdF9pZCI6IjE3MzMifX0=@\u00bb _builder_version=\u00bb4.20.4&#8243; _dynamic_attributes=\u00bbbutton_one_url\u00bb _module_preset=\u00bbdefault\u00bb title_text_color=\u00bb#a53e75&#8243; title_font_size=\u00bb42px\u00bb content_text_color=\u00bb#a53e75&#8243; content_font_size=\u00bb22px\u00bb subhead_font_size=\u00bb27px\u00bb background_image=\u00bbhttps:\/\/salesianos.info\/mayosalesiano\/wp-content\/uploads\/sites\/3\/2021\/04\/MAYO-SALESIANO.jpg\u00bb custom_button_one=\u00bbon\u00bb button_one_bg_color=\u00bb#a53e75&#8243; global_colors_info=\u00bb{}\u00bb]<\/p>\n<p><strong>7 de Mayo<\/strong><\/p>\n<p>[\/et_pb_fullwidth_header][\/et_pb_section][et_pb_section fb_built=\u00bb1&#8243; specialty=\u00bbon\u00bb _builder_version=\u00bb4.16&#8243; global_colors_info=\u00bb{}\u00bb][et_pb_column type=\u00bb1_3&#8243; _builder_version=\u00bb4.16&#8243; custom_padding=\u00bb|||\u00bb global_colors_info=\u00bb{}\u00bb custom_padding__hover=\u00bb|||\u00bb][et_pb_image src=\u00bbhttps:\/\/salesianos.info\/mayosalesiano\/wp-content\/uploads\/sites\/3\/2025\/04\/Estampas_mayo_2025_00007.jpg\u00bb title_text=\u00bbEstampas_mayo_2025_00007&#8243; url=\u00bbhttps:\/\/salesianos.info\/mayosalesiano\/wp-content\/uploads\/sites\/3\/2024\/04\/Estampas_mayo_2024__0006_7.jpg\u00bb url_new_window=\u00bbon\u00bb align=\u00bbcenter\u00bb _builder_version=\u00bb4.27.4&#8243; hover_enabled=\u00bb0&#8243; border_radii=\u00bbon|10px|10px|10px|10px\u00bb global_colors_info=\u00bb{}\u00bb transform_styles__hover_enabled=\u00bbon|hover\u00bb transform_scale__hover_enabled=\u00bbon|hover\u00bb transform_translate__hover_enabled=\u00bbon|desktop\u00bb transform_rotate__hover_enabled=\u00bbon|desktop\u00bb transform_skew__hover_enabled=\u00bbon|desktop\u00bb transform_origin__hover_enabled=\u00bbon|desktop\u00bb transform_scale__hover=\u00bb110%|110%\u00bb src__hover_enabled=\u00bboff|desktop\u00bb src__hover=\u00bbhttps:\/\/salesianos.info\/mayosalesiano\/wp-content\/uploads\/sites\/3\/2022\/04\/07_Palencia.jpg\u00bb sticky_enabled=\u00bb0&#8243;][\/et_pb_image][\/et_pb_column][et_pb_column type=\u00bb2_3&#8243; specialty_columns=\u00bb2&#8243; _builder_version=\u00bb4.16&#8243; custom_padding=\u00bb|||\u00bb global_colors_info=\u00bb{}\u00bb custom_padding__hover=\u00bb|||\u00bb][et_pb_row_inner _builder_version=\u00bb4.16&#8243; global_colors_info=\u00bb{}\u00bb][et_pb_column_inner saved_specialty_column_type=\u00bb2_3&#8243; _builder_version=\u00bb4.16&#8243; global_colors_info=\u00bb{}\u00bb][et_pb_testimonial _builder_version=\u00bb4.27.4&#8243; body_font_size=\u00bb12px\u00bb author_text_color=\u00bb#dc001b\u00bb company_text_color=\u00bb#494949&#8243; company_font_size=\u00bb11px\u00bb company_letter_spacing=\u00bb1px\u00bb hover_enabled=\u00bb0&#8243; border_width_all_portrait=\u00bb2px\u00bb border_color_all_portrait=\u00bb#dc001b\u00bb box_shadow_style=\u00bbpreset2&#8243; box_shadow_horizontal=\u00bb3px\u00bb box_shadow_vertical=\u00bb3px\u00bb box_shadow_blur=\u00bb4px\u00bb box_shadow_spread=\u00bb-1px\u00bb saved_tabs=\u00bball\u00bb global_colors_info=\u00bb{}\u00bb sticky_enabled=\u00bb0&#8243;]<\/p>\n<h1>D\u00cdA 7 \u2013 Orqu\u00eddea<\/h1>\n<p><strong>CON FLORES A MAR\u00cdA<\/strong><\/p>\n<h5>M\u00e1s frecuente en diversas regiones y ambientes tropicales y templados, es s\u00edmbolo de belleza y resistencia. En su aparente fragilidad, crece en condiciones dif\u00edciles y florece con esplendor.<\/h5>\n<h5>En muchas culturas, representa la gracia y la fortaleza en medio de la adversidad.<\/h5>\n<h5>Mar\u00eda, desde los primeros anuncios de Ana y Sime\u00f3n en el templo hasta la Cruz, sabe de adversidad, de incomprensi\u00f3n, de persecuci\u00f3n y acoso de su hijo. Sabe de soledad, de prejuicios y peligros pero, justamente por ello, es una referencia de fortaleza y de vida para quienes confiamos en Ella.<\/h5>\n<h5>Su auxilio y presencia amorosa nos sostiene en los momentos dif\u00edciles y nos da la seguridad de que, con fe, enraizados en Dios, florecen la esperanza y la belleza espiritual aun en tiempos de prueba.<\/h5>\n<p>\u200b<\/p>\n<p>[\/et_pb_testimonial][\/et_pb_column_inner][\/et_pb_row_inner][\/et_pb_column][\/et_pb_section][et_pb_section fb_built=\u00bb1&#8243; disabled_on=\u00bbon|on|on\u00bb _builder_version=\u00bb4.20.4&#8243; _module_preset=\u00bbdefault\u00bb disabled=\u00bbon\u00bb global_colors_info=\u00bb{}\u00bb][et_pb_row column_structure=\u00bb1_2,1_2&#8243; disabled_on=\u00bboff|off|off\u00bb admin_label=\u00bbMisa\u00bb _builder_version=\u00bb4.21.0&#8243; custom_margin=\u00bb16px|||||\u00bb global_colors_info=\u00bb{}\u00bb][et_pb_column type=\u00bb1_2&#8243; _builder_version=\u00bb4.16&#8243; global_colors_info=\u00bb{}\u00bb][et_pb_button button_url=\u00bbhttps:\/\/bit.ly\/MisaNinos-VPascua23&#8243; url_new_window=\u00bbon\u00bb button_text=\u00bbMISA CON NI\u00d1OS\u00bb button_alignment=\u00bbcenter\u00bb _builder_version=\u00bb4.21.0&#8243; _module_preset=\u00bbdefault\u00bb global_colors_info=\u00bb{}\u00bb][\/et_pb_button][\/et_pb_column][et_pb_column type=\u00bb1_2&#8243; _builder_version=\u00bb4.16&#8243; global_colors_info=\u00bb{}\u00bb][et_pb_button button_url=\u00bbhttps:\/\/bit.ly\/HomiliaSDB-VPascua2023&#8243; url_new_window=\u00bbon\u00bb button_text=\u00bbLA MISA  DEL DOMINGO\u00bb button_alignment=\u00bbcenter\u00bb _builder_version=\u00bb4.21.0&#8243; _module_preset=\u00bbdefault\u00bb global_colors_info=\u00bb{}\u00bb][\/et_pb_button][\/et_pb_column][\/et_pb_row][\/et_pb_section][et_pb_section fb_built=\u00bb1&#8243; _builder_version=\u00bb4.16&#8243; transform_translate=\u00bb0px|-20px\u00bb transform_translate_linked=\u00bboff\u00bb min_height=\u00bb2414px\u00bb custom_padding=\u00bb||0px|||\u00bb global_colors_info=\u00bb{}\u00bb][et_pb_row _builder_version=\u00bb4.16&#8243; _module_preset=\u00bbdefault\u00bb custom_margin=\u00bb-37px|auto||auto|false|false\u00bb border_radii=\u00bbon|25px|25px|25px|25px\u00bb box_shadow_style=\u00bbpreset1&#8243; global_colors_info=\u00bb{}\u00bb][et_pb_column type=\u00bb4_4&#8243; _builder_version=\u00bb4.16&#8243; _module_preset=\u00bbdefault\u00bb global_colors_info=\u00bb{}\u00bb][et_pb_blurb title=\u00bbTiempo interior\u00bb url=\u00bbhttps:\/\/www.salesianos.edu\/tiempo-interior\/\u00bb url_new_window=\u00bbon\u00bb use_icon=\u00bbon\u00bb font_icon=\u00bb&#xe066;||divi||400&#8243; _builder_version=\u00bb4.20.4&#8243; _module_preset=\u00bbdefault\u00bb header_text_align=\u00bbcenter\u00bb header_text_color=\u00bb#DC001B\u00bb header_font_size=\u00bb23px\u00bb body_text_color=\u00bb#DC001B\u00bb custom_margin=\u00bb|40px||40px|false|false\u00bb link_option_url=\u00bbhttps:\/\/www.salesianos.edu\/tiempo-interior\/\u00bb link_option_url_new_window=\u00bbon\u00bb global_colors_info=\u00bb{}\u00bb]<\/p>\n<p style=\"text-align: center\"><span style=\"font-weight: 400\">Dedica un tiempo de reflexi\u00f3n al comentario del Evangelio<\/span><\/p>\n<p>[\/et_pb_blurb][\/et_pb_column][\/et_pb_row][et_pb_row column_structure=\u00bb1_2,1_2&#8243; _builder_version=\u00bb4.16&#8243; min_height=\u00bb184px\u00bb saved_tabs=\u00bball\u00bb global_colors_info=\u00bb{}\u00bb][et_pb_column type=\u00bb1_2&#8243; _builder_version=\u00bb4.16&#8243; global_colors_info=\u00bb{}\u00bb][et_pb_accordion _builder_version=\u00bb4.24.3&#8243; transform_translate=\u00bb0px|66px\u00bb min_height=\u00bb307px\u00bb global_colors_info=\u00bb{}\u00bb][et_pb_accordion_item title=\u00bbRETO MARIANO\u00bb open=\u00bbon\u00bb _builder_version=\u00bb4.20.4&#8243; border_radii=\u00bbon|4px|4px|4px|4px\u00bb border_width_all=\u00bb4px\u00bb global_colors_info=\u00bb{}\u00bb toggle_font_size=\u00bb21px\u00bb]<\/p>\n<blockquote>\n<p>Colocar un retrato del Papa Francisco (donde se vea alegre y sonriente) y exponerlo junto a la Auxiliadora para que todos lo vean. <strong>Hoy se trata de saludarnos esbozando una sonrisa durante todo el d\u00eda<\/strong>. El Papa nos invita a vivir la alegr\u00eda y nosotros de esta manera construimos Iglesia y comuni\u00f3n.<\/p>\n<\/blockquote>\n<p>[\/et_pb_accordion_item][et_pb_accordion_item title=\u00bbPEL\u00cdCULA RECOMENDADA\u00bb _builder_version=\u00bb4.24.3&#8243; border_radii=\u00bbon|4px|4px|4px|4px\u00bb border_width_all=\u00bb4px\u00bb global_colors_info=\u00bb{}\u00bb toggle_font_size=\u00bb21px\u00bb open=\u00bboff\u00bb]<\/p>\n<p><a href=\"https:\/\/www.filmaffinity.com\/es\/film199669.html\" target=\"_blank\" rel=\"noopener\"><img loading=\"lazy\" decoding=\"async\" class=\"aligncenter wp-image-995 size-full\" src=\"https:\/\/salesianos.info\/mayosalesiano\/wp-content\/uploads\/sites\/3\/2021\/04\/WONDER.jpg\" alt=\"\" width=\"431\" height=\"640\" srcset=\"https:\/\/salesianos.info\/mayosalesiano\/wp-content\/uploads\/sites\/3\/2021\/04\/WONDER.jpg 431w, https:\/\/salesianos.info\/mayosalesiano\/wp-content\/uploads\/sites\/3\/2021\/04\/WONDER-202x300.jpg 202w\" sizes=\"(max-width: 431px) 100vw, 431px\" \/><\/a><\/p>\n<p>[\/et_pb_accordion_item][\/et_pb_accordion][et_pb_divider show_divider=\u00bboff\u00bb _builder_version=\u00bb4.20.4&#8243; _module_preset=\u00bbdefault\u00bb global_colors_info=\u00bb{}\u00bb][\/et_pb_divider][\/et_pb_column][et_pb_column type=\u00bb1_2&#8243; _builder_version=\u00bb4.16&#8243; global_colors_info=\u00bb{}\u00bb][et_pb_text _builder_version=\u00bb4.16&#8243; global_colors_info=\u00bb{}\u00bb]<\/p>\n<h3><img loading=\"lazy\" decoding=\"async\" class=\"wp-image-9387 alignnone \" src=\"https:\/\/salesianos.info\/mayosalesiano\/wp-content\/uploads\/sites\/3\/2021\/04\/cancion-150x150-1.png\" alt=\"\" width=\"32\" height=\"32\" \/>\u00a0<span style=\"font-size: 18pt\"> <strong>Canta a Mar\u00eda<\/strong><\/span><\/h3>\n<p>[\/et_pb_text][et_pb_video src=\u00bbhttps:\/\/youtu.be\/-fge4dogpC8&#8243; _builder_version=\u00bb4.20.4&#8243; _module_preset=\u00bbdefault\u00bb custom_margin=\u00bb|||-15px|false|false\u00bb global_colors_info=\u00bb{}\u00bb][\/et_pb_video][et_pb_code disabled_on=\u00bbon|on|on\u00bb _builder_version=\u00bb4.16&#8243; disabled=\u00bbon\u00bb global_colors_info=\u00bb{}\u00bb][\/et_pb_code][\/et_pb_column][\/et_pb_row][et_pb_row disabled_on=\u00bbon|on|on\u00bb _builder_version=\u00bb4.16&#8243; disabled=\u00bbon\u00bb global_colors_info=\u00bb{}\u00bb][et_pb_column type=\u00bb4_4&#8243; _builder_version=\u00bb4.16&#8243; global_colors_info=\u00bb{}\u00bb][et_pb_code _builder_version=\u00bb4.16&#8243; global_colors_info=\u00bb{}\u00bb][\/et_pb_code][\/et_pb_column][\/et_pb_row][et_pb_row column_structure=\u00bb1_2,1_2&#8243; admin_label=\u00bbtexto pintar\u00bb _builder_version=\u00bb4.16&#8243; transform_scale_tablet=\u00bb\u00bb transform_scale_phone=\u00bb\u00bb transform_scale_last_edited=\u00bbon|desktop\u00bb transform_translate=\u00bb0px|-1px\u00bb transform_translate_tablet=\u00bb\u00bb transform_translate_phone=\u00bb0px|26px\u00bb transform_translate_last_edited=\u00bbon|desktop\u00bb transform_translate_linked=\u00bboff\u00bb transform_rotate_tablet=\u00bb\u00bb transform_rotate_phone=\u00bb\u00bb transform_rotate_last_edited=\u00bbon|desktop\u00bb transform_skew_tablet=\u00bb\u00bb transform_skew_phone=\u00bb\u00bb transform_skew_last_edited=\u00bbon|desktop\u00bb transform_origin_tablet=\u00bb\u00bb transform_origin_phone=\u00bb\u00bb transform_origin_last_edited=\u00bbon|desktop\u00bb transform_styles_last_edited=\u00bbon|desktop\u00bb custom_padding=\u00bb||0px|||\u00bb transform_styles_tablet=\u00bb\u00bb transform_styles_phone=\u00bb\u00bb global_colors_info=\u00bb{}\u00bb][et_pb_column type=\u00bb1_2&#8243; _builder_version=\u00bb4.16&#8243; global_colors_info=\u00bb{}\u00bb][et_pb_text _builder_version=\u00bb4.16&#8243; global_colors_info=\u00bb{}\u00bb]<\/p>\n<h3><img loading=\"lazy\" decoding=\"async\" class=\"wp-image-9380 alignnone \" src=\"https:\/\/salesianos.info\/mayosalesiano\/wp-content\/uploads\/sites\/3\/2021\/04\/coloresmaria-150x150-1.png\" alt=\"\" width=\"29\" height=\"29\" \/>\u00a0<span style=\"font-size: 18pt\"> <strong>Otros recursos<\/strong><\/span><\/h3>\n<p>[\/et_pb_text][\/et_pb_column][et_pb_column type=\u00bb1_2&#8243; _builder_version=\u00bb4.16&#8243; global_colors_info=\u00bb{}\u00bb][\/et_pb_column][\/et_pb_row][et_pb_row column_structure=\u00bb1_3,1_3,1_3&#8243; _builder_version=\u00bb4.16&#8243; transform_translate=\u00bb0px|-12px\u00bb transform_translate_linked=\u00bboff\u00bb global_colors_info=\u00bb{}\u00bb][et_pb_column type=\u00bb1_3&#8243; _builder_version=\u00bb4.16&#8243; global_colors_info=\u00bb{}\u00bb][et_pb_image src=\u00bbhttps:\/\/salesianos.info\/mayosalesiano\/wp-content\/uploads\/sites\/3\/2021\/04\/coloresmaria-150&#215;150-1.png\u00bb title_text=\u00bbcoloresmaria\u00bb url=\u00bbhttps:\/\/salesianos.info\/mayosalesiano\/wp-content\/uploads\/sites\/3\/2021\/04\/vida-maria-para-colorear-7-728.jpg\u00bb url_new_window=\u00bbon\u00bb _builder_version=\u00bb4.16&#8243; transform_scale=\u00bb70%|70%\u00bb global_colors_info=\u00bb{}\u00bb transform_styles__hover_enabled=\u00bbon|hover\u00bb transform_scale__hover_enabled=\u00bbon|hover\u00bb transform_translate__hover_enabled=\u00bbon|desktop\u00bb transform_rotate__hover_enabled=\u00bbon|desktop\u00bb transform_skew__hover_enabled=\u00bbon|desktop\u00bb transform_origin__hover_enabled=\u00bbon|desktop\u00bb transform_scale__hover=\u00bb88%|88%\u00bb][\/et_pb_image][et_pb_text _builder_version=\u00bb4.16&#8243; transform_translate=\u00bb0px|-35px\u00bb link_option_url=\u00bbhttps:\/\/salesianos.info\/mayosalesiano\/wp-content\/uploads\/sites\/3\/2021\/04\/vida-maria-para-colorear-7-728.jpg\u00bb link_option_url_new_window=\u00bbon\u00bb global_colors_info=\u00bb{}\u00bb]<\/p>\n<h2 style=\"text-align: center\">L\u00e1mina para Educ. Infantil<\/h2>\n<p style=\"text-align: center\">(para descargar)<\/p>\n<p>[\/et_pb_text][\/et_pb_column][et_pb_column type=\u00bb1_3&#8243; _builder_version=\u00bb4.16&#8243; global_colors_info=\u00bb{}\u00bb][et_pb_image src=\u00bbhttps:\/\/salesianos.info\/mayosalesiano\/wp-content\/uploads\/sites\/3\/2021\/04\/coloresmaria-150&#215;150-1.png\u00bb title_text=\u00bbcoloresmaria\u00bb url=\u00bbhttps:\/\/salesianos.info\/mayosalesiano\/wp-content\/uploads\/sites\/3\/2021\/04\/7-mayo.png\u00bb url_new_window=\u00bbon\u00bb _builder_version=\u00bb4.16&#8243; transform_scale=\u00bb70%|70%\u00bb global_colors_info=\u00bb{}\u00bb transform_styles__hover_enabled=\u00bbon|hover\u00bb transform_scale__hover_enabled=\u00bbon|hover\u00bb transform_translate__hover_enabled=\u00bbon|desktop\u00bb transform_rotate__hover_enabled=\u00bbon|desktop\u00bb transform_skew__hover_enabled=\u00bbon|desktop\u00bb transform_origin__hover_enabled=\u00bbon|desktop\u00bb transform_scale__hover=\u00bb88%|88%\u00bb][\/et_pb_image][et_pb_text _builder_version=\u00bb4.16&#8243; transform_translate=\u00bb0px|-35px\u00bb link_option_url=\u00bbhttps:\/\/salesianos.info\/mayosalesiano\/wp-content\/uploads\/sites\/3\/2021\/04\/7-mayo.png\u00bb link_option_url_new_window=\u00bbon\u00bb global_colors_info=\u00bb{}\u00bb]<\/p>\n<h2 style=\"text-align: center\">L\u00e1mina para Educ. Primaria<\/h2>\n<p style=\"text-align: center\">(para descargar)<\/p>\n<p>[\/et_pb_text][\/et_pb_column][et_pb_column type=\u00bb1_3&#8243; _builder_version=\u00bb4.16&#8243; global_colors_info=\u00bb{}\u00bb][et_pb_image src=\u00bbhttps:\/\/salesianos.info\/mayosalesiano\/wp-content\/uploads\/sites\/3\/2021\/04\/libro.png\u00bb title_text=\u00bblibro\u00bb url=\u00bbhttps:\/\/drive.google.com\/file\/d\/1wXUf2-Z1yqdtoKhlLKKvL1mFpvrZG6lh\/view?usp=sharing\u00bb url_new_window=\u00bbon\u00bb _builder_version=\u00bb4.16&#8243; transform_scale=\u00bb70%|70%\u00bb global_colors_info=\u00bb{}\u00bb transform_styles__hover_enabled=\u00bbon|hover\u00bb transform_scale__hover_enabled=\u00bbon|hover\u00bb transform_translate__hover_enabled=\u00bbon|desktop\u00bb transform_rotate__hover_enabled=\u00bbon|desktop\u00bb transform_skew__hover_enabled=\u00bbon|desktop\u00bb transform_origin__hover_enabled=\u00bbon|desktop\u00bb transform_scale__hover=\u00bb88%|88%\u00bb][\/et_pb_image][et_pb_text _builder_version=\u00bb4.16&#8243; transform_translate=\u00bb0px|-35px\u00bb link_option_url=\u00bbhttps:\/\/drive.google.com\/file\/d\/1wXUf2-Z1yqdtoKhlLKKvL1mFpvrZG6lh\/view?usp=sharing\u00bb link_option_url_new_window=\u00bbon\u00bb global_colors_info=\u00bb{}\u00bb]<\/p>\n<h2 style=\"text-align: center\">De la mano de Mar\u00eda<\/h2>\n<p style=\"text-align: center\">(Recursos para trabajarlo en Educ. Secundaria, FPB, Ciclos Formativos y Bachillerato)<\/p>\n<p>[\/et_pb_text][\/et_pb_column][\/et_pb_row][\/et_pb_section]<\/p>\n","protected":false},"excerpt":{"rendered":"<p>7 de MayoD\u00cdA 7 \u2013 Orqu\u00eddea CON FLORES A MAR\u00cdA M\u00e1s frecuente en diversas regiones y ambientes tropicales y templados, es s\u00edmbolo de belleza y resistencia. En su aparente fragilidad, crece en condiciones dif\u00edciles y florece con esplendor. En muchas culturas, representa la gracia y la fortaleza en medio de la adversidad. Mar\u00eda, desde los [&hellip;]<\/p>\n","protected":false},"author":3,"featured_media":2681,"parent":0,"menu_order":0,"comment_status":"closed","ping_status":"closed","template":"","meta":{"_et_pb_use_builder":"on","_et_pb_old_content":"","_et_gb_content_width":"","footnotes":""},"class_list":["post-1105","page","type-page","status-publish","has-post-thumbnail","hentry"],"yoast_head":"<!-- This site is optimized with the Yoast SEO plugin v27.3 - https:\/\/yoast.com\/product\/yoast-seo-wordpress\/ -->\n<title>7 mayo - #MayoSalesiano<\/title>\n<meta name=\"description\" content=\"Recursos sobre Mar\u00eda Auxiliadora para todas las edades que te har\u00e1n vivir un mayo salesiano en conexi\u00f3n con nuestra madre.\" \/>\n<meta name=\"robots\" content=\"index, follow, max-snippet:-1, max-image-preview:large, max-video-preview:-1\" \/>\n<link rel=\"canonical\" href=\"https:\/\/salesianos.info\/mayosalesiano\/7-de-mayo\/\" \/>\n<meta property=\"og:locale\" content=\"es_ES\" \/>\n<meta property=\"og:type\" content=\"article\" \/>\n<meta property=\"og:title\" content=\"7 mayo - #MayoSalesiano\" \/>\n<meta property=\"og:description\" content=\"Recursos sobre Mar\u00eda Auxiliadora para todas las edades que te har\u00e1n vivir un mayo salesiano en conexi\u00f3n con nuestra madre.\" \/>\n<meta property=\"og:url\" content=\"https:\/\/salesianos.info\/mayosalesiano\/7-de-mayo\/\" \/>\n<meta property=\"og:site_name\" content=\"#MayoSalesiano\" \/>\n<meta property=\"article:modified_time\" content=\"2025-04-04T15:28:55+00:00\" \/>\n<meta property=\"og:image\" content=\"https:\/\/salesianos.info\/mayosalesiano\/wp-content\/uploads\/sites\/3\/2025\/04\/Estampas_mayo_2025_00007.jpg\" \/>\n\t<meta property=\"og:image:width\" content=\"449\" \/>\n\t<meta property=\"og:image:height\" content=\"644\" \/>\n\t<meta property=\"og:image:type\" content=\"image\/jpeg\" \/>\n<meta name=\"twitter:card\" content=\"summary_large_image\" \/>\n<meta name=\"twitter:label1\" content=\"Tiempo de lectura\" \/>\n\t<meta name=\"twitter:data1\" content=\"3 minutos\" \/>\n<script type=\"application\/ld+json\" class=\"yoast-schema-graph\">{\"@context\":\"https:\\\/\\\/schema.org\",\"@graph\":[{\"@type\":\"WebPage\",\"@id\":\"https:\\\/\\\/salesianos.info\\\/mayosalesiano\\\/7-de-mayo\\\/\",\"url\":\"https:\\\/\\\/salesianos.info\\\/mayosalesiano\\\/7-de-mayo\\\/\",\"name\":\"7 mayo - #MayoSalesiano\",\"isPartOf\":{\"@id\":\"https:\\\/\\\/salesianos.info\\\/mayosalesiano\\\/#website\"},\"primaryImageOfPage\":{\"@id\":\"https:\\\/\\\/salesianos.info\\\/mayosalesiano\\\/7-de-mayo\\\/#primaryimage\"},\"image\":{\"@id\":\"https:\\\/\\\/salesianos.info\\\/mayosalesiano\\\/7-de-mayo\\\/#primaryimage\"},\"thumbnailUrl\":\"https:\\\/\\\/salesianos.info\\\/mayosalesiano\\\/wp-content\\\/uploads\\\/sites\\\/3\\\/2025\\\/04\\\/Estampas_mayo_2025_00007.jpg\",\"datePublished\":\"2021-04-29T16:10:57+00:00\",\"dateModified\":\"2025-04-04T15:28:55+00:00\",\"description\":\"Recursos sobre Mar\u00eda Auxiliadora para todas las edades que te har\u00e1n vivir un mayo salesiano en conexi\u00f3n con nuestra madre.\",\"breadcrumb\":{\"@id\":\"https:\\\/\\\/salesianos.info\\\/mayosalesiano\\\/7-de-mayo\\\/#breadcrumb\"},\"inLanguage\":\"es\",\"potentialAction\":[{\"@type\":\"ReadAction\",\"target\":[\"https:\\\/\\\/salesianos.info\\\/mayosalesiano\\\/7-de-mayo\\\/\"]}]},{\"@type\":\"ImageObject\",\"inLanguage\":\"es\",\"@id\":\"https:\\\/\\\/salesianos.info\\\/mayosalesiano\\\/7-de-mayo\\\/#primaryimage\",\"url\":\"https:\\\/\\\/salesianos.info\\\/mayosalesiano\\\/wp-content\\\/uploads\\\/sites\\\/3\\\/2025\\\/04\\\/Estampas_mayo_2025_00007.jpg\",\"contentUrl\":\"https:\\\/\\\/salesianos.info\\\/mayosalesiano\\\/wp-content\\\/uploads\\\/sites\\\/3\\\/2025\\\/04\\\/Estampas_mayo_2025_00007.jpg\",\"width\":449,\"height\":644},{\"@type\":\"BreadcrumbList\",\"@id\":\"https:\\\/\\\/salesianos.info\\\/mayosalesiano\\\/7-de-mayo\\\/#breadcrumb\",\"itemListElement\":[{\"@type\":\"ListItem\",\"position\":1,\"name\":\"Portada\",\"item\":\"https:\\\/\\\/salesianos.info\\\/mayosalesiano\\\/\"},{\"@type\":\"ListItem\",\"position\":2,\"name\":\"7 mayo\"}]},{\"@type\":\"WebSite\",\"@id\":\"https:\\\/\\\/salesianos.info\\\/mayosalesiano\\\/#website\",\"url\":\"https:\\\/\\\/salesianos.info\\\/mayosalesiano\\\/\",\"name\":\"#MayoSalesiano\",\"description\":\"Web de recursos del Mes de Mayo Salesiano\",\"potentialAction\":[{\"@type\":\"SearchAction\",\"target\":{\"@type\":\"EntryPoint\",\"urlTemplate\":\"https:\\\/\\\/salesianos.info\\\/mayosalesiano\\\/?s={search_term_string}\"},\"query-input\":{\"@type\":\"PropertyValueSpecification\",\"valueRequired\":true,\"valueName\":\"search_term_string\"}}],\"inLanguage\":\"es\"}]}<\/script>\n<!-- \/ Yoast SEO plugin. -->","yoast_head_json":{"title":"7 mayo - #MayoSalesiano","description":"Recursos sobre Mar\u00eda Auxiliadora para todas las edades que te har\u00e1n vivir un mayo salesiano en conexi\u00f3n con nuestra madre.","robots":{"index":"index","follow":"follow","max-snippet":"max-snippet:-1","max-image-preview":"max-image-preview:large","max-video-preview":"max-video-preview:-1"},"canonical":"https:\/\/salesianos.info\/mayosalesiano\/7-de-mayo\/","og_locale":"es_ES","og_type":"article","og_title":"7 mayo - #MayoSalesiano","og_description":"Recursos sobre Mar\u00eda Auxiliadora para todas las edades que te har\u00e1n vivir un mayo salesiano en conexi\u00f3n con nuestra madre.","og_url":"https:\/\/salesianos.info\/mayosalesiano\/7-de-mayo\/","og_site_name":"#MayoSalesiano","article_modified_time":"2025-04-04T15:28:55+00:00","og_image":[{"width":449,"height":644,"url":"https:\/\/salesianos.info\/mayosalesiano\/wp-content\/uploads\/sites\/3\/2025\/04\/Estampas_mayo_2025_00007.jpg","type":"image\/jpeg"}],"twitter_card":"summary_large_image","twitter_misc":{"Tiempo de lectura":"3 minutos"},"schema":{"@context":"https:\/\/schema.org","@graph":[{"@type":"WebPage","@id":"https:\/\/salesianos.info\/mayosalesiano\/7-de-mayo\/","url":"https:\/\/salesianos.info\/mayosalesiano\/7-de-mayo\/","name":"7 mayo - #MayoSalesiano","isPartOf":{"@id":"https:\/\/salesianos.info\/mayosalesiano\/#website"},"primaryImageOfPage":{"@id":"https:\/\/salesianos.info\/mayosalesiano\/7-de-mayo\/#primaryimage"},"image":{"@id":"https:\/\/salesianos.info\/mayosalesiano\/7-de-mayo\/#primaryimage"},"thumbnailUrl":"https:\/\/salesianos.info\/mayosalesiano\/wp-content\/uploads\/sites\/3\/2025\/04\/Estampas_mayo_2025_00007.jpg","datePublished":"2021-04-29T16:10:57+00:00","dateModified":"2025-04-04T15:28:55+00:00","description":"Recursos sobre Mar\u00eda Auxiliadora para todas las edades que te har\u00e1n vivir un mayo salesiano en conexi\u00f3n con nuestra madre.","breadcrumb":{"@id":"https:\/\/salesianos.info\/mayosalesiano\/7-de-mayo\/#breadcrumb"},"inLanguage":"es","potentialAction":[{"@type":"ReadAction","target":["https:\/\/salesianos.info\/mayosalesiano\/7-de-mayo\/"]}]},{"@type":"ImageObject","inLanguage":"es","@id":"https:\/\/salesianos.info\/mayosalesiano\/7-de-mayo\/#primaryimage","url":"https:\/\/salesianos.info\/mayosalesiano\/wp-content\/uploads\/sites\/3\/2025\/04\/Estampas_mayo_2025_00007.jpg","contentUrl":"https:\/\/salesianos.info\/mayosalesiano\/wp-content\/uploads\/sites\/3\/2025\/04\/Estampas_mayo_2025_00007.jpg","width":449,"height":644},{"@type":"BreadcrumbList","@id":"https:\/\/salesianos.info\/mayosalesiano\/7-de-mayo\/#breadcrumb","itemListElement":[{"@type":"ListItem","position":1,"name":"Portada","item":"https:\/\/salesianos.info\/mayosalesiano\/"},{"@type":"ListItem","position":2,"name":"7 mayo"}]},{"@type":"WebSite","@id":"https:\/\/salesianos.info\/mayosalesiano\/#website","url":"https:\/\/salesianos.info\/mayosalesiano\/","name":"#MayoSalesiano","description":"Web de recursos del Mes de Mayo Salesiano","potentialAction":[{"@type":"SearchAction","target":{"@type":"EntryPoint","urlTemplate":"https:\/\/salesianos.info\/mayosalesiano\/?s={search_term_string}"},"query-input":{"@type":"PropertyValueSpecification","valueRequired":true,"valueName":"search_term_string"}}],"inLanguage":"es"}]}},"_links":{"self":[{"href":"https:\/\/salesianos.info\/mayosalesiano\/wp-json\/wp\/v2\/pages\/1105","targetHints":{"allow":["GET"]}}],"collection":[{"href":"https:\/\/salesianos.info\/mayosalesiano\/wp-json\/wp\/v2\/pages"}],"about":[{"href":"https:\/\/salesianos.info\/mayosalesiano\/wp-json\/wp\/v2\/types\/page"}],"author":[{"embeddable":true,"href":"https:\/\/salesianos.info\/mayosalesiano\/wp-json\/wp\/v2\/users\/3"}],"replies":[{"embeddable":true,"href":"https:\/\/salesianos.info\/mayosalesiano\/wp-json\/wp\/v2\/comments?post=1105"}],"version-history":[{"count":19,"href":"https:\/\/salesianos.info\/mayosalesiano\/wp-json\/wp\/v2\/pages\/1105\/revisions"}],"predecessor-version":[{"id":2722,"href":"https:\/\/salesianos.info\/mayosalesiano\/wp-json\/wp\/v2\/pages\/1105\/revisions\/2722"}],"wp:featuredmedia":[{"embeddable":true,"href":"https:\/\/salesianos.info\/mayosalesiano\/wp-json\/wp\/v2\/media\/2681"}],"wp:attachment":[{"href":"https:\/\/salesianos.info\/mayosalesiano\/wp-json\/wp\/v2\/media?parent=1105"}],"curies":[{"name":"wp","href":"https:\/\/api.w.org\/{rel}","templated":true}]}}