{"id":1358,"date":"2021-05-14T07:51:04","date_gmt":"2021-05-14T07:51:04","guid":{"rendered":"https:\/\/salesianos.info\/mayosalesiano\/?page_id=1358"},"modified":"2026-04-14T09:20:53","modified_gmt":"2026-04-14T07:20:53","slug":"24-de-mayo","status":"publish","type":"page","link":"https:\/\/salesianos.info\/mayosalesiano\/24-de-mayo\/","title":{"rendered":"24 de mayo"},"content":{"rendered":"<p>[et_pb_section fb_built=\u00bb1&#8243; fullwidth=\u00bbon\u00bb _builder_version=\u00bb4.16&#8243; _module_preset=\u00bbdefault\u00bb global_colors_info=\u00bb{}\u00bb][et_pb_fullwidth_header title=\u00bb#MayoSalesiano\u00bb button_one_text=\u00bbIR A TODOS LOS RECURSOS\u00bb button_one_url=\u00bb@ET-DC@eyJkeW5hbWljIjp0cnVlLCJjb250ZW50IjoicG9zdF9saW5rX3VybF9wYWdlIiwic2V0dGluZ3MiOnsicG9zdF9pZCI6IjE3MzMifX0=@\u00bb button_two_text=\u00bbVOLVER\u00bb button_two_url=\u00bb@ET-DC@eyJkeW5hbWljIjp0cnVlLCJjb250ZW50IjoicG9zdF9saW5rX3VybF9wYWdlIiwic2V0dGluZ3MiOnsicG9zdF9pZCI6Ijk3In19@\u00bb _builder_version=\u00bb4.27.6&#8243; _dynamic_attributes=\u00bbbutton_one_url,button_two_url\u00bb _module_preset=\u00bbdefault\u00bb title_text_color=\u00bb#a53e75&#8243; title_font_size=\u00bb42px\u00bb content_text_color=\u00bb#a53e75&#8243; content_font_size=\u00bb22px\u00bb subhead_font_size=\u00bb27px\u00bb background_image=\u00bbhttps:\/\/salesianos.info\/mayosalesiano\/wp-content\/uploads\/sites\/3\/2021\/04\/MAYO-SALESIANO.jpg\u00bb custom_button_one=\u00bbon\u00bb button_one_bg_color=\u00bb#a53e75&#8243; custom_button_two=\u00bbon\u00bb button_two_bg_color=\u00bbgcid-6ab40d66-e8fc-44e5-abe1-3ff9ff5a7ecb\u00bb global_colors_info=\u00bb{%22gcid-6ab40d66-e8fc-44e5-abe1-3ff9ff5a7ecb%22:%91%22button_two_bg_color%22%93}\u00bb]<\/p>\n<p><strong>24 de Mayo | \u00a0D\u00eda de Mar\u00eda Auxiliadora<\/strong><\/p>\n<p>[\/et_pb_fullwidth_header][\/et_pb_section][et_pb_section fb_built=\u00bb1&#8243; specialty=\u00bbon\u00bb _builder_version=\u00bb4.16&#8243; global_colors_info=\u00bb{}\u00bb][et_pb_column type=\u00bb1_3&#8243; _builder_version=\u00bb4.16&#8243; custom_padding=\u00bb|||\u00bb global_colors_info=\u00bb{}\u00bb custom_padding__hover=\u00bb|||\u00bb][et_pb_image src=\u00bbhttps:\/\/salesianos.info\/mayosalesiano\/wp-content\/uploads\/sites\/3\/2026\/04\/24_Estampa_mayo_2026_A.jpg\u00bb title_text=\u00bb24_Estampa_mayo_2026_A\u00bb url=\u00bbhttps:\/\/salesianos.info\/mayosalesiano\/wp-content\/uploads\/sites\/3\/2024\/04\/Estampas_mayo_2024__0023_24.jpg\u00bb url_new_window=\u00bbon\u00bb align=\u00bbcenter\u00bb _builder_version=\u00bb4.27.6&#8243; hover_enabled=\u00bb0&#8243; border_radii=\u00bbon|10px|10px|10px|10px\u00bb global_colors_info=\u00bb{}\u00bb transform_styles__hover_enabled=\u00bbon|hover\u00bb transform_scale__hover_enabled=\u00bbon|hover\u00bb transform_translate__hover_enabled=\u00bbon|desktop\u00bb transform_rotate__hover_enabled=\u00bbon|desktop\u00bb transform_skew__hover_enabled=\u00bbon|desktop\u00bb transform_origin__hover_enabled=\u00bbon|desktop\u00bb transform_scale__hover=\u00bb110%|110%\u00bb sticky_enabled=\u00bb0&#8243;][\/et_pb_image][\/et_pb_column][et_pb_column type=\u00bb2_3&#8243; specialty_columns=\u00bb2&#8243; _builder_version=\u00bb4.16&#8243; custom_padding=\u00bb|||\u00bb global_colors_info=\u00bb{}\u00bb custom_padding__hover=\u00bb|||\u00bb][et_pb_row_inner _builder_version=\u00bb4.16&#8243; global_colors_info=\u00bb{}\u00bb][et_pb_column_inner saved_specialty_column_type=\u00bb2_3&#8243; _builder_version=\u00bb4.16&#8243; global_colors_info=\u00bb{}\u00bb][et_pb_testimonial _builder_version=\u00bb4.27.4&#8243; body_font_size=\u00bb12px\u00bb author_text_color=\u00bb#dc001b\u00bb company_text_color=\u00bb#494949&#8243; company_font_size=\u00bb11px\u00bb company_letter_spacing=\u00bb1px\u00bb border_width_all_portrait=\u00bb2px\u00bb border_color_all_portrait=\u00bb#dc001b\u00bb box_shadow_style=\u00bbpreset2&#8243; box_shadow_horizontal=\u00bb3px\u00bb box_shadow_vertical=\u00bb3px\u00bb box_shadow_blur=\u00bb4px\u00bb box_shadow_spread=\u00bb-1px\u00bb saved_tabs=\u00bball\u00bb global_colors_info=\u00bb{}\u00bb]<\/p>\n<h1>D\u00cdA 24<\/h1>\n<p><strong>CON FLORES A MAR\u00cdA<\/strong><\/p>\n<h5>Rendidos a tus plantas, Reina y Se\u00f1ora,<br \/>los cristianos te aclaman su Auxiliadora.<\/h5>\n<h5>Yo tus auxilios vengo a pedir, Virgen sant\u00edsima, ruega por m\u00ed.<br \/>De este mar tempestuoso f\u00falgida estrella,<br \/>cada vez que te miro eres m\u00e1s bella.<\/h5>\n<h5>Gu\u00edame al puerto salvo y feliz, Virgen sant\u00edsima, ruega por m\u00ed.<br \/>En las horas de la lucha, s\u00e9 mi consuelo,<br \/>y al dejar esta vida ll\u00e9vame al cielo;<br \/>En cuerpo y alma me ofrezco a Ti, Virgen sant\u00edsima, ruega por m\u00ed.<\/h5>\n<p>\u200b<\/p>\n<p>[\/et_pb_testimonial][\/et_pb_column_inner][\/et_pb_row_inner][et_pb_row_inner column_structure=\u00bb1_2,1_2&#8243; _builder_version=\u00bb4.16&#8243; custom_margin=\u00bb16px|||||\u00bb global_colors_info=\u00bb{}\u00bb][et_pb_column_inner type=\u00bb1_2&#8243; saved_specialty_column_type=\u00bb2_3&#8243; _builder_version=\u00bb4.16&#8243; global_colors_info=\u00bb{}\u00bb][et_pb_button button_url=\u00bbhttps:\/\/bit.ly\/MisaconNi\u00f1os-IIIPascua22&#8243; url_new_window=\u00bbon\u00bb button_text=\u00bbMISA CON NI\u00d1OS\u00bb button_alignment=\u00bbcenter\u00bb disabled_on=\u00bbon|on|on\u00bb _builder_version=\u00bb4.17.3&#8243; _module_preset=\u00bbdefault\u00bb disabled=\u00bbon\u00bb global_colors_info=\u00bb{}\u00bb][\/et_pb_button][\/et_pb_column_inner][et_pb_column_inner type=\u00bb1_2&#8243; saved_specialty_column_type=\u00bb2_3&#8243; _builder_version=\u00bb4.16&#8243; global_colors_info=\u00bb{}\u00bb][et_pb_button button_url=\u00bbhttps:\/\/bit.ly\/Homil\u00edaSDB-IIIPascua22&#8243; url_new_window=\u00bbon\u00bb button_text=\u00bbLA MISA  DEL DOMINGO\u00bb button_alignment=\u00bbcenter\u00bb disabled_on=\u00bbon|on|on\u00bb _builder_version=\u00bb4.17.3&#8243; _module_preset=\u00bbdefault\u00bb disabled=\u00bbon\u00bb global_colors_info=\u00bb{}\u00bb][\/et_pb_button][\/et_pb_column_inner][\/et_pb_row_inner][\/et_pb_column][\/et_pb_section][et_pb_section fb_built=\u00bb1&#8243; _builder_version=\u00bb4.16&#8243; transform_translate=\u00bb0px|-20px\u00bb transform_translate_linked=\u00bboff\u00bb custom_padding=\u00bb||0px|||\u00bb global_colors_info=\u00bb{}\u00bb][et_pb_row disabled_on=\u00bbon|on|on\u00bb _builder_version=\u00bb4.16&#8243; custom_padding=\u00bb||0px|||\u00bb disabled=\u00bbon\u00bb global_colors_info=\u00bb{}\u00bb][et_pb_column type=\u00bb4_4&#8243; _builder_version=\u00bb4.16&#8243; global_colors_info=\u00bb{}\u00bb][et_pb_text _builder_version=\u00bb4.16&#8243; global_colors_info=\u00bb{}\u00bb]<\/p>\n<h3><img loading=\"lazy\" decoding=\"async\" class=\"wp-image-9388 alignnone \" src=\"https:\/\/salesianos.info\/mayosalesiano\/wp-content\/uploads\/sites\/3\/2021\/04\/cine-150x150-1.png\" alt=\"\" width=\"31\" height=\"31\" \/>\u00a0<span style=\"font-size: 18pt\"> Video<\/span><\/h3>\n<p>[\/et_pb_text][\/et_pb_column][\/et_pb_row][et_pb_row column_structure=\u00bb1_2,1_2&#8243; disabled_on=\u00bbon|on|on\u00bb _builder_version=\u00bb4.16&#8243; disabled=\u00bbon\u00bb global_colors_info=\u00bb{}\u00bb][et_pb_column type=\u00bb1_2&#8243; _builder_version=\u00bb4.16&#8243; global_colors_info=\u00bb{}\u00bb][et_pb_code _builder_version=\u00bb4.16&#8243; global_colors_info=\u00bb{}\u00bb][\/et_pb_code][\/et_pb_column][et_pb_column type=\u00bb1_2&#8243; _builder_version=\u00bb4.16&#8243; global_colors_info=\u00bb{}\u00bb][et_pb_code _builder_version=\u00bb4.16&#8243; global_colors_info=\u00bb{}\u00bb][\/et_pb_code][\/et_pb_column][\/et_pb_row][et_pb_row _builder_version=\u00bb4.16&#8243; global_colors_info=\u00bb{}\u00bb][et_pb_column type=\u00bb4_4&#8243; _builder_version=\u00bb4.16&#8243; global_colors_info=\u00bb{}\u00bb][et_pb_code disabled_on=\u00bbon|on|on\u00bb _builder_version=\u00bb4.16&#8243; disabled=\u00bbon\u00bb global_colors_info=\u00bb{}\u00bb][\/et_pb_code][\/et_pb_column][\/et_pb_row][et_pb_row _builder_version=\u00bb4.16&#8243; _module_preset=\u00bbdefault\u00bb custom_margin=\u00bb-37px|auto||auto|false|false\u00bb border_radii=\u00bbon|25px|25px|25px|25px\u00bb box_shadow_style=\u00bbpreset1&#8243; global_colors_info=\u00bb{}\u00bb][et_pb_column type=\u00bb4_4&#8243; _builder_version=\u00bb4.16&#8243; _module_preset=\u00bbdefault\u00bb global_colors_info=\u00bb{}\u00bb][et_pb_blurb title=\u00bbTiempo interior\u00bb url=\u00bbhttps:\/\/www.salesianos.edu\/tiempo-interior\/\u00bb url_new_window=\u00bbon\u00bb use_icon=\u00bbon\u00bb font_icon=\u00bb&#xe066;||divi||400&#8243; _builder_version=\u00bb4.20.4&#8243; _module_preset=\u00bbdefault\u00bb header_text_align=\u00bbcenter\u00bb header_text_color=\u00bb#DC001B\u00bb header_font_size=\u00bb23px\u00bb body_text_color=\u00bb#DC001B\u00bb custom_margin=\u00bb|40px||40px|false|false\u00bb link_option_url=\u00bbhttps:\/\/www.salesianos.edu\/tiempo-interior\/\u00bb link_option_url_new_window=\u00bbon\u00bb global_colors_info=\u00bb{}\u00bb]<\/p>\n<p style=\"text-align: center\"><span style=\"font-weight: 400\">Dedica un tiempo de reflexi\u00f3n al comentario del Evangelio<\/span><\/p>\n<p>[\/et_pb_blurb][et_pb_video src=\u00bbhttps:\/\/youtu.be\/qCdIKqnFaEA\u00bb disabled_on=\u00bbon|on|on\u00bb _builder_version=\u00bb4.20.4&#8243; _module_preset=\u00bbdefault\u00bb custom_margin=\u00bb|||-15px|false|false\u00bb disabled=\u00bbon\u00bb global_colors_info=\u00bb{}\u00bb][\/et_pb_video][\/et_pb_column][\/et_pb_row][et_pb_row column_structure=\u00bb1_2,1_2&#8243; _builder_version=\u00bb4.16&#8243; min_height=\u00bb184px\u00bb saved_tabs=\u00bball\u00bb global_colors_info=\u00bb{}\u00bb][et_pb_column type=\u00bb1_2&#8243; _builder_version=\u00bb4.16&#8243; global_colors_info=\u00bb{}\u00bb][et_pb_text _builder_version=\u00bb4.16&#8243; global_colors_info=\u00bb{}\u00bb]<\/p>\n<h3>\u00a0<img loading=\"lazy\" decoding=\"async\" class=\"wp-image-9395 alignnone \" src=\"https:\/\/salesianos.info\/mayosalesiano\/wp-content\/uploads\/sites\/3\/2021\/04\/virgennnn-150x150-1.png\" alt=\"\" width=\"38\" height=\"38\" \/><span style=\"font-size: 18pt\"> <strong>ESPIRITUALIDAD MARIANA<\/strong><\/span><\/h3>\n<p>[\/et_pb_text][et_pb_image src=\u00bbhttps:\/\/salesianos.info\/mayosalesiano\/wp-content\/uploads\/sites\/3\/2021\/05\/24-1.png\u00bb title_text=\u00bb24&#8243; url=\u00bbhttps:\/\/drive.google.com\/file\/d\/1n2HWvNjTmg136gfBzqELPG6aVRPF42LG\/view?usp=sharing\u00bb url_new_window=\u00bbon\u00bb align=\u00bbcenter\u00bb _builder_version=\u00bb4.16&#8243; border_radii=\u00bbon|30px|30px|30px|30px\u00bb border_width_all=\u00bb2px\u00bb border_color_all=\u00bb#dc001b\u00bb box_shadow_style=\u00bbpreset2&#8243; global_colors_info=\u00bb{}\u00bb transform_styles__hover_enabled=\u00bbon|hover\u00bb transform_scale__hover_enabled=\u00bbon|hover\u00bb transform_translate__hover_enabled=\u00bbon|desktop\u00bb transform_rotate__hover_enabled=\u00bbon|desktop\u00bb transform_skew__hover_enabled=\u00bbon|desktop\u00bb transform_origin__hover_enabled=\u00bbon|desktop\u00bb transform_scale__hover=\u00bb122%|122%\u00bb][\/et_pb_image][\/et_pb_column][et_pb_column type=\u00bb1_2&#8243; _builder_version=\u00bb4.16&#8243; global_colors_info=\u00bb{}\u00bb][et_pb_text _builder_version=\u00bb4.16&#8243; global_colors_info=\u00bb{}\u00bb]<\/p>\n<h3><img loading=\"lazy\" decoding=\"async\" class=\"wp-image-9387 alignnone \" src=\"https:\/\/salesianos.info\/mayosalesiano\/wp-content\/uploads\/sites\/3\/2021\/04\/cancion-150x150-1.png\" alt=\"\" width=\"32\" height=\"32\" \/>\u00a0<span style=\"font-size: 18pt\"> <strong>Canta a Mar\u00eda<\/strong><\/span><\/h3>\n<p>[\/et_pb_text][et_pb_video src=\u00bbhttps:\/\/youtu.be\/a1_XwnQCj1Q\u00bb _builder_version=\u00bb4.20.4&#8243; _module_preset=\u00bbdefault\u00bb global_colors_info=\u00bb{}\u00bb][\/et_pb_video][\/et_pb_column][\/et_pb_row][et_pb_row column_structure=\u00bb1_2,1_2&#8243; admin_label=\u00bbtexto pintar\u00bb _builder_version=\u00bb4.16&#8243; transform_scale_tablet=\u00bb\u00bb transform_scale_phone=\u00bb\u00bb transform_scale_last_edited=\u00bbon|desktop\u00bb transform_translate=\u00bb0px|-1px\u00bb transform_translate_tablet=\u00bb\u00bb transform_translate_phone=\u00bb0px|26px\u00bb transform_translate_last_edited=\u00bbon|desktop\u00bb transform_translate_linked=\u00bboff\u00bb transform_rotate_tablet=\u00bb\u00bb transform_rotate_phone=\u00bb\u00bb transform_rotate_last_edited=\u00bbon|desktop\u00bb transform_skew_tablet=\u00bb\u00bb transform_skew_phone=\u00bb\u00bb transform_skew_last_edited=\u00bbon|desktop\u00bb transform_origin_tablet=\u00bb\u00bb transform_origin_phone=\u00bb\u00bb transform_origin_last_edited=\u00bbon|desktop\u00bb transform_styles_last_edited=\u00bbon|desktop\u00bb custom_padding=\u00bb||0px|||\u00bb transform_styles_tablet=\u00bb\u00bb transform_styles_phone=\u00bb\u00bb global_colors_info=\u00bb{}\u00bb][et_pb_column type=\u00bb1_2&#8243; _builder_version=\u00bb4.16&#8243; global_colors_info=\u00bb{}\u00bb][et_pb_text _builder_version=\u00bb4.16&#8243; global_colors_info=\u00bb{}\u00bb]<\/p>\n<h3><img loading=\"lazy\" decoding=\"async\" class=\"wp-image-9380 alignnone \" src=\"https:\/\/salesianos.info\/mayosalesiano\/wp-content\/uploads\/sites\/3\/2021\/04\/coloresmaria-150x150-1.png\" alt=\"\" width=\"29\" height=\"29\" \/>\u00a0<span style=\"font-size: 18pt\"> <strong>Otros recursos<\/strong><\/span><\/h3>\n<p>[\/et_pb_text][\/et_pb_column][et_pb_column type=\u00bb1_2&#8243; _builder_version=\u00bb4.16&#8243; global_colors_info=\u00bb{}\u00bb][\/et_pb_column][\/et_pb_row][et_pb_row column_structure=\u00bb1_3,1_3,1_3&#8243; _builder_version=\u00bb4.16&#8243; transform_translate=\u00bb0px|-12px\u00bb transform_translate_linked=\u00bboff\u00bb global_colors_info=\u00bb{}\u00bb][et_pb_column type=\u00bb1_3&#8243; _builder_version=\u00bb4.16&#8243; global_colors_info=\u00bb{}\u00bb][et_pb_image src=\u00bbhttps:\/\/salesianos.info\/mayosalesiano\/wp-content\/uploads\/sites\/3\/2021\/04\/coloresmaria-150&#215;150-1.png\u00bb title_text=\u00bbcoloresmaria\u00bb url=\u00bbhttps:\/\/drive.google.com\/file\/d\/1A4sJZzHyFxURD7KAZHmoNjt3NNnbp1Dz\/view?usp=sharing\u00bb url_new_window=\u00bbon\u00bb _builder_version=\u00bb4.16&#8243; transform_scale=\u00bb70%|70%\u00bb global_colors_info=\u00bb{}\u00bb transform_styles__hover_enabled=\u00bbon|hover\u00bb transform_scale__hover_enabled=\u00bbon|hover\u00bb transform_translate__hover_enabled=\u00bbon|desktop\u00bb transform_rotate__hover_enabled=\u00bbon|desktop\u00bb transform_skew__hover_enabled=\u00bbon|desktop\u00bb transform_origin__hover_enabled=\u00bbon|desktop\u00bb transform_scale__hover=\u00bb88%|88%\u00bb][\/et_pb_image][et_pb_text _builder_version=\u00bb4.16&#8243; transform_translate=\u00bb0px|-35px\u00bb link_option_url=\u00bbhttps:\/\/drive.google.com\/file\/d\/1A4sJZzHyFxURD7KAZHmoNjt3NNnbp1Dz\/view?usp=sharing\u00bb link_option_url_new_window=\u00bbon\u00bb global_colors_info=\u00bb{}\u00bb]<\/p>\n<h2 style=\"text-align: center\">L\u00e1mina para Educ. Infantil<\/h2>\n<p style=\"text-align: center\">(para descargar)<\/p>\n<p>[\/et_pb_text][\/et_pb_column][et_pb_column type=\u00bb1_3&#8243; _builder_version=\u00bb4.16&#8243; global_colors_info=\u00bb{}\u00bb][et_pb_image src=\u00bbhttps:\/\/salesianos.info\/mayosalesiano\/wp-content\/uploads\/sites\/3\/2021\/04\/coloresmaria-150&#215;150-1.png\u00bb title_text=\u00bbcoloresmaria\u00bb url=\u00bbhttps:\/\/drive.google.com\/file\/d\/1A4sJZzHyFxURD7KAZHmoNjt3NNnbp1Dz\/view?usp=sharing\u00bb url_new_window=\u00bbon\u00bb _builder_version=\u00bb4.16&#8243; transform_scale=\u00bb70%|70%\u00bb global_colors_info=\u00bb{}\u00bb transform_styles__hover_enabled=\u00bbon|hover\u00bb transform_scale__hover_enabled=\u00bbon|hover\u00bb transform_translate__hover_enabled=\u00bbon|desktop\u00bb transform_rotate__hover_enabled=\u00bbon|desktop\u00bb transform_skew__hover_enabled=\u00bbon|desktop\u00bb transform_origin__hover_enabled=\u00bbon|desktop\u00bb transform_scale__hover=\u00bb88%|88%\u00bb][\/et_pb_image][et_pb_text _builder_version=\u00bb4.16&#8243; transform_translate=\u00bb0px|-35px\u00bb link_option_url=\u00bbhttps:\/\/drive.google.com\/file\/d\/1A4sJZzHyFxURD7KAZHmoNjt3NNnbp1Dz\/view?usp=sharing\u00bb link_option_url_new_window=\u00bbon\u00bb global_colors_info=\u00bb{}\u00bb]<\/p>\n<h2 style=\"text-align: center\">L\u00e1mina para Educ. Primaria<\/h2>\n<p style=\"text-align: center\">(para descargar)<\/p>\n<p>[\/et_pb_text][\/et_pb_column][et_pb_column type=\u00bb1_3&#8243; _builder_version=\u00bb4.16&#8243; global_colors_info=\u00bb{}\u00bb][et_pb_image src=\u00bbhttps:\/\/salesianos.info\/mayosalesiano\/wp-content\/uploads\/sites\/3\/2021\/04\/libro.png\u00bb title_text=\u00bblibro\u00bb url=\u00bbhttps:\/\/drive.google.com\/file\/d\/1mjNyEnjtBeDY5_DYtvMyAxbHK5Z4COgJ\/view?usp=sharing\u00bb url_new_window=\u00bbon\u00bb _builder_version=\u00bb4.16&#8243; transform_scale=\u00bb70%|70%\u00bb global_colors_info=\u00bb{}\u00bb transform_styles__hover_enabled=\u00bbon|hover\u00bb transform_scale__hover_enabled=\u00bbon|hover\u00bb transform_translate__hover_enabled=\u00bbon|desktop\u00bb transform_rotate__hover_enabled=\u00bbon|desktop\u00bb transform_skew__hover_enabled=\u00bbon|desktop\u00bb transform_origin__hover_enabled=\u00bbon|desktop\u00bb transform_scale__hover=\u00bb88%|88%\u00bb][\/et_pb_image][et_pb_text _builder_version=\u00bb4.16&#8243; transform_translate=\u00bb0px|-35px\u00bb link_option_url=\u00bbhttps:\/\/drive.google.com\/file\/d\/1mjNyEnjtBeDY5_DYtvMyAxbHK5Z4COgJ\/view?usp=sharing\u00bb link_option_url_new_window=\u00bbon\u00bb global_colors_info=\u00bb{}\u00bb]<\/p>\n<h2 style=\"text-align: center\">De la mano de Mar\u00eda<\/h2>\n<p style=\"text-align: center\">(Recursos para trabajarlo en Educ. Secundaria, FPB, Ciclos y Bachillerato)<\/p>\n<p>[\/et_pb_text][\/et_pb_column][\/et_pb_row][\/et_pb_section]<\/p>\n","protected":false},"excerpt":{"rendered":"<p>24 de Mayo | \u00a0D\u00eda de Mar\u00eda AuxiliadoraD\u00cdA 24 CON FLORES A MAR\u00cdA Rendidos a tus plantas, Reina y Se\u00f1ora,los cristianos te aclaman su Auxiliadora. Yo tus auxilios vengo a pedir, Virgen sant\u00edsima, ruega por m\u00ed.De este mar tempestuoso f\u00falgida estrella,cada vez que te miro eres m\u00e1s bella. Gu\u00edame al puerto salvo y feliz, Virgen [&hellip;]<\/p>\n","protected":false},"author":3,"featured_media":3000,"parent":0,"menu_order":0,"comment_status":"closed","ping_status":"closed","template":"","meta":{"_et_pb_use_builder":"on","_et_pb_old_content":"","_et_gb_content_width":"","footnotes":""},"class_list":["post-1358","page","type-page","status-publish","has-post-thumbnail","hentry"],"yoast_head":"<!-- This site is optimized with the Yoast SEO plugin v27.3 - https:\/\/yoast.com\/product\/yoast-seo-wordpress\/ -->\n<title>24 de mayo - #MayoSalesiano<\/title>\n<meta name=\"description\" content=\"Recursos sobre Mar\u00eda Auxiliadora para todas las edades que te har\u00e1n vivir un mayo salesiano en conexi\u00f3n con nuestra madre.\" \/>\n<meta name=\"robots\" content=\"index, follow, max-snippet:-1, max-image-preview:large, max-video-preview:-1\" \/>\n<link rel=\"canonical\" href=\"https:\/\/salesianos.info\/mayosalesiano\/24-de-mayo\/\" \/>\n<meta property=\"og:locale\" content=\"es_ES\" \/>\n<meta property=\"og:type\" content=\"article\" \/>\n<meta property=\"og:title\" content=\"24 de mayo - #MayoSalesiano\" \/>\n<meta property=\"og:description\" content=\"Recursos sobre Mar\u00eda Auxiliadora para todas las edades que te har\u00e1n vivir un mayo salesiano en conexi\u00f3n con nuestra madre.\" \/>\n<meta property=\"og:url\" content=\"https:\/\/salesianos.info\/mayosalesiano\/24-de-mayo\/\" \/>\n<meta property=\"og:site_name\" content=\"#MayoSalesiano\" \/>\n<meta property=\"article:modified_time\" content=\"2026-04-14T07:20:53+00:00\" \/>\n<meta property=\"og:image\" content=\"https:\/\/salesianos.info\/mayosalesiano\/wp-content\/uploads\/sites\/3\/2026\/04\/24_Estampa_mayo_2026_A.jpg\" \/>\n\t<meta property=\"og:image:width\" content=\"898\" \/>\n\t<meta property=\"og:image:height\" content=\"1287\" \/>\n\t<meta property=\"og:image:type\" content=\"image\/jpeg\" \/>\n<meta name=\"twitter:card\" content=\"summary_large_image\" \/>\n<meta name=\"twitter:label1\" content=\"Tiempo de lectura\" \/>\n\t<meta name=\"twitter:data1\" content=\"3 minutos\" \/>\n<script type=\"application\/ld+json\" class=\"yoast-schema-graph\">{\"@context\":\"https:\\\/\\\/schema.org\",\"@graph\":[{\"@type\":\"WebPage\",\"@id\":\"https:\\\/\\\/salesianos.info\\\/mayosalesiano\\\/24-de-mayo\\\/\",\"url\":\"https:\\\/\\\/salesianos.info\\\/mayosalesiano\\\/24-de-mayo\\\/\",\"name\":\"24 de mayo - #MayoSalesiano\",\"isPartOf\":{\"@id\":\"https:\\\/\\\/salesianos.info\\\/mayosalesiano\\\/#website\"},\"primaryImageOfPage\":{\"@id\":\"https:\\\/\\\/salesianos.info\\\/mayosalesiano\\\/24-de-mayo\\\/#primaryimage\"},\"image\":{\"@id\":\"https:\\\/\\\/salesianos.info\\\/mayosalesiano\\\/24-de-mayo\\\/#primaryimage\"},\"thumbnailUrl\":\"https:\\\/\\\/salesianos.info\\\/mayosalesiano\\\/wp-content\\\/uploads\\\/sites\\\/3\\\/2026\\\/04\\\/24_Estampa_mayo_2026_A.jpg\",\"datePublished\":\"2021-05-14T07:51:04+00:00\",\"dateModified\":\"2026-04-14T07:20:53+00:00\",\"description\":\"Recursos sobre Mar\u00eda Auxiliadora para todas las edades que te har\u00e1n vivir un mayo salesiano en conexi\u00f3n con nuestra madre.\",\"breadcrumb\":{\"@id\":\"https:\\\/\\\/salesianos.info\\\/mayosalesiano\\\/24-de-mayo\\\/#breadcrumb\"},\"inLanguage\":\"es\",\"potentialAction\":[{\"@type\":\"ReadAction\",\"target\":[\"https:\\\/\\\/salesianos.info\\\/mayosalesiano\\\/24-de-mayo\\\/\"]}]},{\"@type\":\"ImageObject\",\"inLanguage\":\"es\",\"@id\":\"https:\\\/\\\/salesianos.info\\\/mayosalesiano\\\/24-de-mayo\\\/#primaryimage\",\"url\":\"https:\\\/\\\/salesianos.info\\\/mayosalesiano\\\/wp-content\\\/uploads\\\/sites\\\/3\\\/2026\\\/04\\\/24_Estampa_mayo_2026_A.jpg\",\"contentUrl\":\"https:\\\/\\\/salesianos.info\\\/mayosalesiano\\\/wp-content\\\/uploads\\\/sites\\\/3\\\/2026\\\/04\\\/24_Estampa_mayo_2026_A.jpg\",\"width\":898,\"height\":1287},{\"@type\":\"BreadcrumbList\",\"@id\":\"https:\\\/\\\/salesianos.info\\\/mayosalesiano\\\/24-de-mayo\\\/#breadcrumb\",\"itemListElement\":[{\"@type\":\"ListItem\",\"position\":1,\"name\":\"Portada\",\"item\":\"https:\\\/\\\/salesianos.info\\\/mayosalesiano\\\/\"},{\"@type\":\"ListItem\",\"position\":2,\"name\":\"24 de mayo\"}]},{\"@type\":\"WebSite\",\"@id\":\"https:\\\/\\\/salesianos.info\\\/mayosalesiano\\\/#website\",\"url\":\"https:\\\/\\\/salesianos.info\\\/mayosalesiano\\\/\",\"name\":\"#MayoSalesiano\",\"description\":\"Web de recursos del Mes de Mayo Salesiano\",\"potentialAction\":[{\"@type\":\"SearchAction\",\"target\":{\"@type\":\"EntryPoint\",\"urlTemplate\":\"https:\\\/\\\/salesianos.info\\\/mayosalesiano\\\/?s={search_term_string}\"},\"query-input\":{\"@type\":\"PropertyValueSpecification\",\"valueRequired\":true,\"valueName\":\"search_term_string\"}}],\"inLanguage\":\"es\"}]}<\/script>\n<!-- \/ Yoast SEO plugin. -->","yoast_head_json":{"title":"24 de mayo - #MayoSalesiano","description":"Recursos sobre Mar\u00eda Auxiliadora para todas las edades que te har\u00e1n vivir un mayo salesiano en conexi\u00f3n con nuestra madre.","robots":{"index":"index","follow":"follow","max-snippet":"max-snippet:-1","max-image-preview":"max-image-preview:large","max-video-preview":"max-video-preview:-1"},"canonical":"https:\/\/salesianos.info\/mayosalesiano\/24-de-mayo\/","og_locale":"es_ES","og_type":"article","og_title":"24 de mayo - #MayoSalesiano","og_description":"Recursos sobre Mar\u00eda Auxiliadora para todas las edades que te har\u00e1n vivir un mayo salesiano en conexi\u00f3n con nuestra madre.","og_url":"https:\/\/salesianos.info\/mayosalesiano\/24-de-mayo\/","og_site_name":"#MayoSalesiano","article_modified_time":"2026-04-14T07:20:53+00:00","og_image":[{"width":898,"height":1287,"url":"https:\/\/salesianos.info\/mayosalesiano\/wp-content\/uploads\/sites\/3\/2026\/04\/24_Estampa_mayo_2026_A.jpg","type":"image\/jpeg"}],"twitter_card":"summary_large_image","twitter_misc":{"Tiempo de lectura":"3 minutos"},"schema":{"@context":"https:\/\/schema.org","@graph":[{"@type":"WebPage","@id":"https:\/\/salesianos.info\/mayosalesiano\/24-de-mayo\/","url":"https:\/\/salesianos.info\/mayosalesiano\/24-de-mayo\/","name":"24 de mayo - #MayoSalesiano","isPartOf":{"@id":"https:\/\/salesianos.info\/mayosalesiano\/#website"},"primaryImageOfPage":{"@id":"https:\/\/salesianos.info\/mayosalesiano\/24-de-mayo\/#primaryimage"},"image":{"@id":"https:\/\/salesianos.info\/mayosalesiano\/24-de-mayo\/#primaryimage"},"thumbnailUrl":"https:\/\/salesianos.info\/mayosalesiano\/wp-content\/uploads\/sites\/3\/2026\/04\/24_Estampa_mayo_2026_A.jpg","datePublished":"2021-05-14T07:51:04+00:00","dateModified":"2026-04-14T07:20:53+00:00","description":"Recursos sobre Mar\u00eda Auxiliadora para todas las edades que te har\u00e1n vivir un mayo salesiano en conexi\u00f3n con nuestra madre.","breadcrumb":{"@id":"https:\/\/salesianos.info\/mayosalesiano\/24-de-mayo\/#breadcrumb"},"inLanguage":"es","potentialAction":[{"@type":"ReadAction","target":["https:\/\/salesianos.info\/mayosalesiano\/24-de-mayo\/"]}]},{"@type":"ImageObject","inLanguage":"es","@id":"https:\/\/salesianos.info\/mayosalesiano\/24-de-mayo\/#primaryimage","url":"https:\/\/salesianos.info\/mayosalesiano\/wp-content\/uploads\/sites\/3\/2026\/04\/24_Estampa_mayo_2026_A.jpg","contentUrl":"https:\/\/salesianos.info\/mayosalesiano\/wp-content\/uploads\/sites\/3\/2026\/04\/24_Estampa_mayo_2026_A.jpg","width":898,"height":1287},{"@type":"BreadcrumbList","@id":"https:\/\/salesianos.info\/mayosalesiano\/24-de-mayo\/#breadcrumb","itemListElement":[{"@type":"ListItem","position":1,"name":"Portada","item":"https:\/\/salesianos.info\/mayosalesiano\/"},{"@type":"ListItem","position":2,"name":"24 de mayo"}]},{"@type":"WebSite","@id":"https:\/\/salesianos.info\/mayosalesiano\/#website","url":"https:\/\/salesianos.info\/mayosalesiano\/","name":"#MayoSalesiano","description":"Web de recursos del Mes de Mayo Salesiano","potentialAction":[{"@type":"SearchAction","target":{"@type":"EntryPoint","urlTemplate":"https:\/\/salesianos.info\/mayosalesiano\/?s={search_term_string}"},"query-input":{"@type":"PropertyValueSpecification","valueRequired":true,"valueName":"search_term_string"}}],"inLanguage":"es"}]}},"_links":{"self":[{"href":"https:\/\/salesianos.info\/mayosalesiano\/wp-json\/wp\/v2\/pages\/1358","targetHints":{"allow":["GET"]}}],"collection":[{"href":"https:\/\/salesianos.info\/mayosalesiano\/wp-json\/wp\/v2\/pages"}],"about":[{"href":"https:\/\/salesianos.info\/mayosalesiano\/wp-json\/wp\/v2\/types\/page"}],"author":[{"embeddable":true,"href":"https:\/\/salesianos.info\/mayosalesiano\/wp-json\/wp\/v2\/users\/3"}],"replies":[{"embeddable":true,"href":"https:\/\/salesianos.info\/mayosalesiano\/wp-json\/wp\/v2\/comments?post=1358"}],"version-history":[{"count":20,"href":"https:\/\/salesianos.info\/mayosalesiano\/wp-json\/wp\/v2\/pages\/1358\/revisions"}],"predecessor-version":[{"id":3032,"href":"https:\/\/salesianos.info\/mayosalesiano\/wp-json\/wp\/v2\/pages\/1358\/revisions\/3032"}],"wp:featuredmedia":[{"embeddable":true,"href":"https:\/\/salesianos.info\/mayosalesiano\/wp-json\/wp\/v2\/media\/3000"}],"wp:attachment":[{"href":"https:\/\/salesianos.info\/mayosalesiano\/wp-json\/wp\/v2\/media?parent=1358"}],"curies":[{"name":"wp","href":"https:\/\/api.w.org\/{rel}","templated":true}]}}