{"id":1733,"date":"2023-04-20T11:08:56","date_gmt":"2023-04-20T09:08:56","guid":{"rendered":"https:\/\/salesianos.info\/mayosalesiano\/?page_id=1733"},"modified":"2026-04-09T10:56:48","modified_gmt":"2026-04-09T08:56:48","slug":"materiales","status":"publish","type":"page","link":"https:\/\/salesianos.info\/mayosalesiano\/materiales\/","title":{"rendered":"Materiales educativos"},"content":{"rendered":"<p>[et_pb_section fb_built=\u00bb1&#8243; fullwidth=\u00bbon\u00bb _builder_version=\u00bb4.20.4&#8243; global_colors_info=\u00bb{}\u00bb][et_pb_fullwidth_header _builder_version=\u00bb4.20.4&#8243; title_font_size=\u00bb38px\u00bb subhead_font_size=\u00bb21px\u00bb background_image=\u00bbhttps:\/\/salesianos.info\/mayosalesiano\/wp-content\/uploads\/sites\/3\/2023\/04\/MATERIALES.jpg\u00bb min_height=\u00bb297px\u00bb custom_margin=\u00bb||||false|false\u00bb custom_padding=\u00bb||0px|||\u00bb background_last_edited=\u00bbon|desktop\u00bb background_image_phone=\u00bbhttps:\/\/salesianos.info\/mayosalesiano\/wp-content\/uploads\/sites\/3\/2021\/05\/INTANTIL-M-1.jpg\u00bb background_enable_image_phone=\u00bbon\u00bb parallax_phone=\u00bboff\u00bb background_size_phone=\u00bbcover\u00bb global_colors_info=\u00bb{}\u00bb title_text_phone=\u00bbMicrosoft Word &#8211; 2020 novena LA EUCARIST\u00cdA Y LA VIRGEN (1).docx\u00bb][\/et_pb_fullwidth_header][\/et_pb_section][et_pb_section fb_built=\u00bb1&#8243; _builder_version=\u00bb4.16&#8243; global_colors_info=\u00bb{}\u00bb][et_pb_row _builder_version=\u00bb4.20.4&#8243; _module_preset=\u00bbdefault\u00bb global_colors_info=\u00bb{}\u00bb][et_pb_column type=\u00bb4_4&#8243; _builder_version=\u00bb4.20.4&#8243; _module_preset=\u00bbdefault\u00bb global_colors_info=\u00bb{}\u00bb][et_pb_button button_url=\u00bbhttps:\/\/drive.google.com\/file\/d\/1uIUzPjx1GyqOlx7xYSXCO1i7bH8iIUqa\/view\u00bb url_new_window=\u00bbon\u00bb button_text=\u00bbCONSULTA EL DOSIER DE PASTORAL\u00bb button_alignment=\u00bbcenter\u00bb _builder_version=\u00bb4.27.6&#8243; _module_preset=\u00bbdefault\u00bb custom_button=\u00bbon\u00bb button_text_size=\u00bb25px\u00bb custom_margin=\u00bb-20px||20px||false|false\u00bb hover_enabled=\u00bb0&#8243; global_colors_info=\u00bb{}\u00bb sticky_enabled=\u00bb0&#8243;][\/et_pb_button][\/et_pb_column][\/et_pb_row][et_pb_row _builder_version=\u00bb4.20.4&#8243; _module_preset=\u00bbdefault\u00bb global_colors_info=\u00bb{}\u00bb][et_pb_column type=\u00bb4_4&#8243; _builder_version=\u00bb4.20.4&#8243; _module_preset=\u00bbdefault\u00bb global_colors_info=\u00bb{}\u00bb][et_pb_text _builder_version=\u00bb4.20.4&#8243; _module_preset=\u00bbdefault\u00bb global_colors_info=\u00bb{}\u00bb]<\/p>\n<h1 style=\"text-align: center\"><strong><span style=\"color: #dc001b\">Infantil &#8211; Primaria<\/span><\/strong><\/h1>\n<p>[\/et_pb_text][\/et_pb_column][\/et_pb_row][et_pb_row column_structure=\u00bb1_3,1_3,1_3&#8243; _builder_version=\u00bb4.16&#8243; global_colors_info=\u00bb{}\u00bb][et_pb_column type=\u00bb1_3&#8243; _builder_version=\u00bb4.16&#8243; global_colors_info=\u00bb{}\u00bb][et_pb_blurb title=\u00bbLOS COLORES DE MAR\u00cdA\u00bb url=\u00bbhttps:\/\/drive.google.com\/drive\/folders\/1bUWvkztPcwahdPCPxWarYqN346r7CT6E?usp=sharing\u00bb url_new_window=\u00bbon\u00bb image=\u00bbhttps:\/\/salesianos.info\/mayosalesiano\/wp-content\/uploads\/sites\/3\/2021\/04\/coloresmaria-150&#215;150-1.png\u00bb _builder_version=\u00bb4.16&#8243; header_text_color=\u00bb#d84e91&#8243; header_font_size=\u00bb18px\u00bb body_font_size=\u00bb17px\u00bb text_orientation=\u00bbcenter\u00bb link_option_url=\u00bbhttps:\/\/drive.google.com\/drive\/folders\/1bUWvkztPcwahdPCPxWarYqN346r7CT6E?usp=sharing\u00bb link_option_url_new_window=\u00bbon\u00bb global_colors_info=\u00bb{}\u00bb]<strong>Cada dibujo<\/strong> se ir\u00e1 colocando<strong> a los pies de Mar\u00eda en el altar de la casa<\/strong> y servir\u00e1 para poder hacer un sencillo momento de oraci\u00f3n con los m\u00e1s peque\u00f1os.<br \/>\n[\/et_pb_blurb][\/et_pb_column][et_pb_column type=\u00bb1_3&#8243; _builder_version=\u00bb4.16&#8243; global_colors_info=\u00bb{}\u00bb][et_pb_blurb title=\u00bbCONCURSO MARIANO\u00bb url=\u00bbhttps:\/\/drive.google.com\/drive\/folders\/1UGn3v7wBkCf_MXEuLVH5AP3Va0q2-9dg?usp=sharing\u00bb url_new_window=\u00bbon\u00bb image=\u00bbhttps:\/\/salesianos.info\/mayosalesiano\/wp-content\/uploads\/sites\/3\/2021\/04\/rosario-150&#215;150-1.png\u00bb _builder_version=\u00bb4.16&#8243; header_text_color=\u00bb#d84e91&#8243; header_font_size=\u00bb18px\u00bb body_font_size=\u00bb17px\u00bb text_orientation=\u00bbcenter\u00bb link_option_url=\u00bbhttps:\/\/drive.google.com\/drive\/folders\/1UGn3v7wBkCf_MXEuLVH5AP3Va0q2-9dg?usp=sharing\u00bb link_option_url_new_window=\u00bbon\u00bb global_colors_info=\u00bb{}\u00bb]<\/p>\n<p style=\"text-align: center\">Tienes a tu disposici\u00f3n un <strong>concurso de preguntas, acciones, pruebas para 3\u00ba y 4\u00ba<\/strong> EP.<\/p>\n<p>[\/et_pb_blurb][\/et_pb_column][et_pb_column type=\u00bb1_3&#8243; _builder_version=\u00bb4.16&#8243; global_colors_info=\u00bb{}\u00bb][et_pb_blurb title=\u00bbMAR\u00cdA CATEQUISTA EN LA FAMILIA\u00bb url=\u00bbhttps:\/\/drive.google.com\/drive\/folders\/1I31QdVrS0hLypma5d1JYWUt2h1BhXH03?usp=sharing\u00bb url_new_window=\u00bbon\u00bb image=\u00bbhttps:\/\/salesianos.info\/mayosalesiano\/wp-content\/uploads\/sites\/3\/2021\/04\/Familia.png\u00bb _builder_version=\u00bb4.16&#8243; header_text_color=\u00bb#d84e91&#8243; header_font_size=\u00bb18px\u00bb body_font_size=\u00bb17px\u00bb text_orientation=\u00bbcenter\u00bb link_option_url=\u00bbhttps:\/\/drive.google.com\/drive\/folders\/1I31QdVrS0hLypma5d1JYWUt2h1BhXH03?usp=sharing\u00bb link_option_url_new_window=\u00bbon\u00bb global_colors_info=\u00bb{}\u00bb]<\/p>\n<p style=\"text-align: center\"><strong>\u00bfCompartir la catequesis en casa?<\/strong> Desde el hogar, como primeros educadores en la fe de los hijos, se comparten sesiones para los ni\u00f1os de 3\u00ba y 4\u00ba EP.<\/p>\n<p>[\/et_pb_blurb][\/et_pb_column][\/et_pb_row][\/et_pb_section][et_pb_section fb_built=\u00bb1&#8243; _builder_version=\u00bb4.20.4&#8243; _module_preset=\u00bbdefault\u00bb global_colors_info=\u00bb{}\u00bb][et_pb_row admin_label=\u00bbFila\u00bb _builder_version=\u00bb4.20.4&#8243; _module_preset=\u00bbdefault\u00bb global_colors_info=\u00bb{}\u00bb][et_pb_column type=\u00bb4_4&#8243; _builder_version=\u00bb4.20.4&#8243; _module_preset=\u00bbdefault\u00bb global_colors_info=\u00bb{}\u00bb][et_pb_text _builder_version=\u00bb4.20.4&#8243; _module_preset=\u00bbdefault\u00bb global_colors_info=\u00bb{}\u00bb]<\/p>\n<h1 style=\"text-align: center\"><strong><span style=\"color: #dc001b\">ESO &#8211; FPB &#8211; Ciclos &#8211; Bachillerato<\/span><\/strong><\/h1>\n<p>[\/et_pb_text][\/et_pb_column][\/et_pb_row][et_pb_row column_structure=\u00bb1_3,1_3,1_3&#8243; _builder_version=\u00bb4.16&#8243; global_colors_info=\u00bb{}\u00bb][et_pb_column type=\u00bb1_3&#8243; _builder_version=\u00bb4.16&#8243; global_colors_info=\u00bb{}\u00bb][\/et_pb_column][et_pb_column type=\u00bb1_3&#8243; _builder_version=\u00bb4.16&#8243; global_colors_info=\u00bb{}\u00bb][et_pb_blurb title=\u00bbDE LA MANO DE MAR\u00cdA\u00bb url=\u00bbhttps:\/\/drive.google.com\/drive\/folders\/1p37JbL8KeunFHmxZF444_0XLgRXtDtYC?usp=sharing\u00bb url_new_window=\u00bbon\u00bb image=\u00bbhttps:\/\/salesianos.info\/mayosalesiano\/wp-content\/uploads\/sites\/3\/2021\/04\/De-la-mano.png\u00bb _builder_version=\u00bb4.16&#8243; header_text_color=\u00bb#d84e91&#8243; header_font_size=\u00bb18px\u00bb body_font_size=\u00bb17px\u00bb text_orientation=\u00bbcenter\u00bb link_option_url=\u00bbhttps:\/\/drive.google.com\/drive\/folders\/1p37JbL8KeunFHmxZF444_0XLgRXtDtYC?usp=sharing\u00bb link_option_url_new_window=\u00bbon\u00bb global_colors_info=\u00bb{}\u00bb]<\/p>\n<p style=\"text-align: center\">Para <strong>los j\u00f3venes y universitarios<\/strong> se ofrece un material para <strong>las cuatro semanas de mayo,<\/strong> de lunes a viernes, para que puedan <strong>hacer un sencillo momento de oraci\u00f3n de la mano de Mar\u00eda.<\/strong><\/p>\n<p>[\/et_pb_blurb][\/et_pb_column][et_pb_column type=\u00bb1_3&#8243; _builder_version=\u00bb4.16&#8243; global_colors_info=\u00bb{}\u00bb][\/et_pb_column][\/et_pb_row][\/et_pb_section]<\/p>\n","protected":false},"excerpt":{"rendered":"<p>Infantil &#8211; PrimariaCada dibujo se ir\u00e1 colocando a los pies de Mar\u00eda en el altar de la casa y servir\u00e1 para poder hacer un sencillo momento de oraci\u00f3n con los m\u00e1s peque\u00f1os. Tienes a tu disposici\u00f3n un concurso de preguntas, acciones, pruebas para 3\u00ba y 4\u00ba EP. \u00bfCompartir la catequesis en casa? Desde el hogar, [&hellip;]<\/p>\n","protected":false},"author":3,"featured_media":0,"parent":0,"menu_order":0,"comment_status":"closed","ping_status":"closed","template":"","meta":{"_et_pb_use_builder":"on","_et_pb_old_content":"<p>[et_pb_section fb_built=\"1\" fullwidth=\"on\" _builder_version=\"4.4.4\"][et_pb_fullwidth_header _builder_version=\"4.4.4\" title_font_size=\"38px\" subhead_font_size=\"21px\" background_image=\"https:\/\/salesianos.info\/mayosalesiano\/wp-content\/uploads\/sites\/3\/2021\/05\/INTANTIL-P-1.jpg\" min_height=\"297px\" custom_margin=\"||90px|||\" custom_padding=\"||0px|||\" background_last_edited=\"on|desktop\" background_image_phone=\"https:\/\/salesianos.info\/mayosalesiano\/wp-content\/uploads\/sites\/3\/2021\/05\/INTANTIL-M-1.jpg\" background_enable_image_phone=\"on\" parallax_phone=\"off\" background_size_phone=\"cover\" title_text_phone=\"Microsoft Word - 2020 novena LA EUCARIST\u00cdA Y LA VIRGEN (1).docx\"][\/et_pb_fullwidth_header][\/et_pb_section][et_pb_section fb_built=\"1\" _builder_version=\"4.4.4\"][et_pb_row column_structure=\"1_3,1_3,1_3\" _builder_version=\"4.4.4\"][et_pb_column type=\"1_3\" _builder_version=\"4.4.4\"][et_pb_blurb title=\"LOS COLORES DE MAR\u00cdA\" url=\"https:\/\/drive.google.com\/drive\/folders\/1bUWvkztPcwahdPCPxWarYqN346r7CT6E?usp=sharing\" url_new_window=\"on\" image=\"https:\/\/salesianos.info\/mayosalesiano\/wp-content\/uploads\/sites\/3\/2021\/04\/coloresmaria-150x150-1.png\" _builder_version=\"4.4.4\" header_text_color=\"#d84e91\" header_font_size=\"18px\" body_font_size=\"17px\" text_orientation=\"center\" link_option_url=\"https:\/\/drive.google.com\/drive\/folders\/1bUWvkztPcwahdPCPxWarYqN346r7CT6E?usp=sharing\" link_option_url_new_window=\"on\"]<\/p><p><strong>Cada dibujo<\/strong> se ir\u00e1 colocando<strong> a los pies de Mar\u00eda en el altar de la casa<\/strong> y servir\u00e1 para poder hacer un sencillo momento de oraci\u00f3n con los m\u00e1s peque\u00f1os.\u00a0\u00a0<\/p><p>[\/et_pb_blurb][\/et_pb_column][et_pb_column type=\"1_3\" _builder_version=\"4.4.4\"][et_pb_blurb title=\"CONCURSO MARIANO\" url=\"https:\/\/drive.google.com\/drive\/folders\/1UGn3v7wBkCf_MXEuLVH5AP3Va0q2-9dg?usp=sharing\" url_new_window=\"on\" image=\"https:\/\/salesianos.info\/mayosalesiano\/wp-content\/uploads\/sites\/3\/2021\/04\/rosario-150x150-1.png\" _builder_version=\"4.4.4\" header_text_color=\"#d84e91\" header_font_size=\"18px\" body_font_size=\"17px\" text_orientation=\"center\" link_option_url=\"https:\/\/drive.google.com\/drive\/folders\/1UGn3v7wBkCf_MXEuLVH5AP3Va0q2-9dg?usp=sharing\" link_option_url_new_window=\"on\"]<\/p><p style=\"text-align: center;\">Tienes a tu disposici\u00f3n un <strong>concurso de preguntas, acciones, pruebas para 3\u00ba y 4\u00ba<\/strong> EP.<\/p><p>[\/et_pb_blurb][\/et_pb_column][et_pb_column type=\"1_3\" _builder_version=\"4.4.4\"][et_pb_blurb title=\"MAR\u00cdA CATEQUISTA EN LA FAMILIA\" url=\"https:\/\/drive.google.com\/drive\/folders\/1I31QdVrS0hLypma5d1JYWUt2h1BhXH03?usp=sharing\" url_new_window=\"on\" image=\"https:\/\/salesianos.info\/mayosalesiano\/wp-content\/uploads\/sites\/3\/2021\/04\/Familia.png\" _builder_version=\"4.4.4\" header_text_color=\"#d84e91\" header_font_size=\"18px\" body_font_size=\"17px\" text_orientation=\"center\" link_option_url=\"https:\/\/drive.google.com\/drive\/folders\/1I31QdVrS0hLypma5d1JYWUt2h1BhXH03?usp=sharing\" link_option_url_new_window=\"on\"]<\/p><p style=\"text-align: center;\"><strong>\u00bfCompartir la catequesis en casa?<\/strong> Desde el hogar, como primeros educadores en la fe de los hijos, se comparten sesiones para los ni\u00f1os de 3\u00ba y 4\u00ba EP.<\/p><p>[\/et_pb_blurb][\/et_pb_column][\/et_pb_row][et_pb_row _builder_version=\"4.8.2\" _module_preset=\"default\"][et_pb_column _builder_version=\"4.8.2\" _module_preset=\"default\" type=\"4_4\"][et_pb_button button_text=\"Recursos INFANTIL-primaria\" _builder_version=\"4.8.2\" _module_preset=\"default\" button_alignment=\"center\" button_url=\"https:\/\/salesianos.info\/mayosalesiano\/wp-content\/uploads\/sites\/3\/2021\/05\/Mayo-Infatil-Primaria.pdf\" hover_enabled=\"0\" sticky_enabled=\"0\"][\/et_pb_button][\/et_pb_column][\/et_pb_row][\/et_pb_section]<\/p>","_et_gb_content_width":"","footnotes":""},"class_list":["post-1733","page","type-page","status-publish","hentry"],"yoast_head":"<!-- This site is optimized with the Yoast SEO plugin v27.5 - https:\/\/yoast.com\/product\/yoast-seo-wordpress\/ -->\n<title>Materiales educativos - #MayoSalesiano<\/title>\n<meta name=\"robots\" content=\"index, follow, max-snippet:-1, max-image-preview:large, max-video-preview:-1\" \/>\n<link rel=\"canonical\" href=\"https:\/\/salesianos.info\/mayosalesiano\/materiales\/\" \/>\n<meta property=\"og:locale\" content=\"es_ES\" \/>\n<meta property=\"og:type\" content=\"article\" \/>\n<meta property=\"og:title\" content=\"Materiales educativos - #MayoSalesiano\" \/>\n<meta property=\"og:url\" content=\"https:\/\/salesianos.info\/mayosalesiano\/materiales\/\" \/>\n<meta property=\"og:site_name\" content=\"#MayoSalesiano\" \/>\n<meta property=\"article:modified_time\" content=\"2026-04-09T08:56:48+00:00\" \/>\n<meta name=\"twitter:card\" content=\"summary_large_image\" \/>\n<meta name=\"twitter:label1\" content=\"Tiempo de lectura\" \/>\n\t<meta name=\"twitter:data1\" content=\"2 minutos\" \/>\n<script type=\"application\/ld+json\" class=\"yoast-schema-graph\">{\"@context\":\"https:\\\/\\\/schema.org\",\"@graph\":[{\"@type\":\"WebPage\",\"@id\":\"https:\\\/\\\/salesianos.info\\\/mayosalesiano\\\/materiales\\\/\",\"url\":\"https:\\\/\\\/salesianos.info\\\/mayosalesiano\\\/materiales\\\/\",\"name\":\"Materiales educativos - #MayoSalesiano\",\"isPartOf\":{\"@id\":\"https:\\\/\\\/salesianos.info\\\/mayosalesiano\\\/#website\"},\"datePublished\":\"2023-04-20T09:08:56+00:00\",\"dateModified\":\"2026-04-09T08:56:48+00:00\",\"breadcrumb\":{\"@id\":\"https:\\\/\\\/salesianos.info\\\/mayosalesiano\\\/materiales\\\/#breadcrumb\"},\"inLanguage\":\"es\",\"potentialAction\":[{\"@type\":\"ReadAction\",\"target\":[\"https:\\\/\\\/salesianos.info\\\/mayosalesiano\\\/materiales\\\/\"]}]},{\"@type\":\"BreadcrumbList\",\"@id\":\"https:\\\/\\\/salesianos.info\\\/mayosalesiano\\\/materiales\\\/#breadcrumb\",\"itemListElement\":[{\"@type\":\"ListItem\",\"position\":1,\"name\":\"Portada\",\"item\":\"https:\\\/\\\/salesianos.info\\\/mayosalesiano\\\/\"},{\"@type\":\"ListItem\",\"position\":2,\"name\":\"Materiales educativos\"}]},{\"@type\":\"WebSite\",\"@id\":\"https:\\\/\\\/salesianos.info\\\/mayosalesiano\\\/#website\",\"url\":\"https:\\\/\\\/salesianos.info\\\/mayosalesiano\\\/\",\"name\":\"#MayoSalesiano\",\"description\":\"Web de recursos del Mes de Mayo Salesiano\",\"potentialAction\":[{\"@type\":\"SearchAction\",\"target\":{\"@type\":\"EntryPoint\",\"urlTemplate\":\"https:\\\/\\\/salesianos.info\\\/mayosalesiano\\\/?s={search_term_string}\"},\"query-input\":{\"@type\":\"PropertyValueSpecification\",\"valueRequired\":true,\"valueName\":\"search_term_string\"}}],\"inLanguage\":\"es\"}]}<\/script>\n<!-- \/ Yoast SEO plugin. -->","yoast_head_json":{"title":"Materiales educativos - #MayoSalesiano","robots":{"index":"index","follow":"follow","max-snippet":"max-snippet:-1","max-image-preview":"max-image-preview:large","max-video-preview":"max-video-preview:-1"},"canonical":"https:\/\/salesianos.info\/mayosalesiano\/materiales\/","og_locale":"es_ES","og_type":"article","og_title":"Materiales educativos - #MayoSalesiano","og_url":"https:\/\/salesianos.info\/mayosalesiano\/materiales\/","og_site_name":"#MayoSalesiano","article_modified_time":"2026-04-09T08:56:48+00:00","twitter_card":"summary_large_image","twitter_misc":{"Tiempo de lectura":"2 minutos"},"schema":{"@context":"https:\/\/schema.org","@graph":[{"@type":"WebPage","@id":"https:\/\/salesianos.info\/mayosalesiano\/materiales\/","url":"https:\/\/salesianos.info\/mayosalesiano\/materiales\/","name":"Materiales educativos - #MayoSalesiano","isPartOf":{"@id":"https:\/\/salesianos.info\/mayosalesiano\/#website"},"datePublished":"2023-04-20T09:08:56+00:00","dateModified":"2026-04-09T08:56:48+00:00","breadcrumb":{"@id":"https:\/\/salesianos.info\/mayosalesiano\/materiales\/#breadcrumb"},"inLanguage":"es","potentialAction":[{"@type":"ReadAction","target":["https:\/\/salesianos.info\/mayosalesiano\/materiales\/"]}]},{"@type":"BreadcrumbList","@id":"https:\/\/salesianos.info\/mayosalesiano\/materiales\/#breadcrumb","itemListElement":[{"@type":"ListItem","position":1,"name":"Portada","item":"https:\/\/salesianos.info\/mayosalesiano\/"},{"@type":"ListItem","position":2,"name":"Materiales educativos"}]},{"@type":"WebSite","@id":"https:\/\/salesianos.info\/mayosalesiano\/#website","url":"https:\/\/salesianos.info\/mayosalesiano\/","name":"#MayoSalesiano","description":"Web de recursos del Mes de Mayo Salesiano","potentialAction":[{"@type":"SearchAction","target":{"@type":"EntryPoint","urlTemplate":"https:\/\/salesianos.info\/mayosalesiano\/?s={search_term_string}"},"query-input":{"@type":"PropertyValueSpecification","valueRequired":true,"valueName":"search_term_string"}}],"inLanguage":"es"}]}},"_links":{"self":[{"href":"https:\/\/salesianos.info\/mayosalesiano\/wp-json\/wp\/v2\/pages\/1733","targetHints":{"allow":["GET"]}}],"collection":[{"href":"https:\/\/salesianos.info\/mayosalesiano\/wp-json\/wp\/v2\/pages"}],"about":[{"href":"https:\/\/salesianos.info\/mayosalesiano\/wp-json\/wp\/v2\/types\/page"}],"author":[{"embeddable":true,"href":"https:\/\/salesianos.info\/mayosalesiano\/wp-json\/wp\/v2\/users\/3"}],"replies":[{"embeddable":true,"href":"https:\/\/salesianos.info\/mayosalesiano\/wp-json\/wp\/v2\/comments?post=1733"}],"version-history":[{"count":22,"href":"https:\/\/salesianos.info\/mayosalesiano\/wp-json\/wp\/v2\/pages\/1733\/revisions"}],"predecessor-version":[{"id":2877,"href":"https:\/\/salesianos.info\/mayosalesiano\/wp-json\/wp\/v2\/pages\/1733\/revisions\/2877"}],"wp:attachment":[{"href":"https:\/\/salesianos.info\/mayosalesiano\/wp-json\/wp\/v2\/media?parent=1733"}],"curies":[{"name":"wp","href":"https:\/\/api.w.org\/{rel}","templated":true}]}}