{"id":2218,"date":"2023-04-25T09:45:49","date_gmt":"2023-04-25T07:45:49","guid":{"rendered":"https:\/\/salesianos.info\/mayosalesiano\/?page_id=2218"},"modified":"2026-04-14T09:25:06","modified_gmt":"2026-04-14T07:25:06","slug":"28-de-mayo","status":"publish","type":"page","link":"https:\/\/salesianos.info\/mayosalesiano\/28-de-mayo\/","title":{"rendered":"28 de mayo"},"content":{"rendered":"<p>[et_pb_section fb_built=\u00bb1&#8243; fullwidth=\u00bbon\u00bb _builder_version=\u00bb4.16&#8243; _module_preset=\u00bbdefault\u00bb global_colors_info=\u00bb{}\u00bb][et_pb_fullwidth_header title=\u00bb#MayoSalesiano\u00bb button_one_text=\u00bbIR A TODOS LOS RECURSOS\u00bb button_one_url=\u00bb@ET-DC@eyJkeW5hbWljIjp0cnVlLCJjb250ZW50IjoicG9zdF9saW5rX3VybF9wYWdlIiwic2V0dGluZ3MiOnsicG9zdF9pZCI6IjE3MzMifX0=@\u00bb button_two_text=\u00bbVOLVER\u00bb button_two_url=\u00bb@ET-DC@eyJkeW5hbWljIjp0cnVlLCJjb250ZW50IjoicG9zdF9saW5rX3VybF9wYWdlIiwic2V0dGluZ3MiOnsicG9zdF9pZCI6Ijk3In19@\u00bb _builder_version=\u00bb4.27.6&#8243; _dynamic_attributes=\u00bbbutton_one_url,button_two_url\u00bb _module_preset=\u00bbdefault\u00bb title_text_color=\u00bb#a53e75&#8243; title_font_size=\u00bb42px\u00bb content_text_color=\u00bb#a53e75&#8243; content_font_size=\u00bb22px\u00bb subhead_font_size=\u00bb27px\u00bb background_image=\u00bbhttps:\/\/salesianos.info\/mayosalesiano\/wp-content\/uploads\/sites\/3\/2021\/04\/MAYO-SALESIANO.jpg\u00bb custom_button_one=\u00bbon\u00bb button_one_bg_color=\u00bb#a53e75&#8243; custom_button_two=\u00bbon\u00bb button_two_bg_color=\u00bbgcid-6ab40d66-e8fc-44e5-abe1-3ff9ff5a7ecb\u00bb global_colors_info=\u00bb{%22gcid-6ab40d66-e8fc-44e5-abe1-3ff9ff5a7ecb%22:%91%22button_two_bg_color%22%93}\u00bb]<\/p>\n<p><strong>28 de Mayo<\/strong><\/p>\n<p>[\/et_pb_fullwidth_header][\/et_pb_section][et_pb_section fb_built=\u00bb1&#8243; specialty=\u00bbon\u00bb _builder_version=\u00bb4.16&#8243; min_height=\u00bb390px\u00bb custom_margin=\u00bb||-65px|||\u00bb global_colors_info=\u00bb{}\u00bb][et_pb_column type=\u00bb1_3&#8243; _builder_version=\u00bb4.16&#8243; custom_padding=\u00bb|||\u00bb global_colors_info=\u00bb{}\u00bb custom_padding__hover=\u00bb|||\u00bb][et_pb_image src=\u00bbhttps:\/\/salesianos.info\/mayosalesiano\/wp-content\/uploads\/sites\/3\/2026\/04\/28_Estampa_mayo_2026_A.jpg\u00bb title_text=\u00bb28_Estampa_mayo_2026_A\u00bb url=\u00bbhttps:\/\/salesianos.info\/mayosalesiano\/wp-content\/uploads\/sites\/3\/2024\/04\/Estampas_mayo_2024__0027_28.jpg\u00bb url_new_window=\u00bbon\u00bb align=\u00bbcenter\u00bb _builder_version=\u00bb4.27.6&#8243; hover_enabled=\u00bb0&#8243; border_radii=\u00bbon|10px|10px|10px|10px\u00bb global_colors_info=\u00bb{}\u00bb transform_styles__hover_enabled=\u00bbon|hover\u00bb transform_scale__hover_enabled=\u00bbon|hover\u00bb transform_translate__hover_enabled=\u00bbon|desktop\u00bb transform_rotate__hover_enabled=\u00bbon|desktop\u00bb transform_skew__hover_enabled=\u00bbon|desktop\u00bb transform_origin__hover_enabled=\u00bbon|desktop\u00bb transform_scale__hover=\u00bb130%|130%\u00bb src__hover_enabled=\u00bboff|desktop\u00bb src__hover=\u00bbhttps:\/\/salesianos.info\/mayosalesiano\/wp-content\/uploads\/sites\/3\/2022\/04\/01_Burgos.jpg\u00bb sticky_enabled=\u00bb0&#8243;][\/et_pb_image][\/et_pb_column][et_pb_column type=\u00bb2_3&#8243; specialty_columns=\u00bb2&#8243; _builder_version=\u00bb4.16&#8243; custom_padding=\u00bb|||\u00bb global_colors_info=\u00bb{}\u00bb custom_padding__hover=\u00bb|||\u00bb][et_pb_row_inner _builder_version=\u00bb4.16&#8243; global_colors_info=\u00bb{}\u00bb][et_pb_column_inner saved_specialty_column_type=\u00bb2_3&#8243; _builder_version=\u00bb4.16&#8243; global_colors_info=\u00bb{}\u00bb][et_pb_testimonial _builder_version=\u00bb4.27.4&#8243; body_font_size=\u00bb12px\u00bb author_text_color=\u00bb#dc001b\u00bb company_text_color=\u00bb#494949&#8243; company_font_size=\u00bb11px\u00bb company_letter_spacing=\u00bb1px\u00bb border_width_all_portrait=\u00bb2px\u00bb border_color_all_portrait=\u00bb#dc001b\u00bb box_shadow_style=\u00bbpreset2&#8243; box_shadow_horizontal=\u00bb3px\u00bb box_shadow_vertical=\u00bb3px\u00bb box_shadow_blur=\u00bb4px\u00bb box_shadow_spread=\u00bb-1px\u00bb saved_tabs=\u00bball\u00bb global_colors_info=\u00bb{}\u00bb]<\/p>\n<h1>D\u00cdA 28 \u2013 Alhel\u00ed<\/h1>\n<p><strong>CON FLORES A MAR\u00cdA<\/strong><\/p>\n<h5>Originario del Mediterr\u00e1neo, por su fragancia dulce y su capacidad de florecer en los inviernos m\u00e1s fr\u00edos, se reconoce como s\u00edmbolo de la fortaleza del amor verdadero que nunca se apaga.<\/h5>\n<h5>Su firmeza, en las estaciones m\u00e1s duras, nos recuerda que el amor aut\u00e9ntico, la lealtad y la entrega incondicional en nuestras relaciones no se debilitan con el tiempo ni con las dificultades.<\/h5>\n<h5>Encontramos a Mar\u00eda en el Evangelio, abierta al amor del Padre Dios en su s\u00ed, y compro- metida en su amor por Jes\u00fas hasta la cruz.<\/h5>\n<h5>En la Iglesia, es Madre que no abandona nunca a sus hijos y, menos aun, a quienes se ven sometidos a tantos inviernos de persecuci\u00f3n y martirio. Ella nos invita a permanecer firmes en la fe, en los momentos de prueba.<\/h5>\n<p>\u200b<\/p>\n<p>[\/et_pb_testimonial][\/et_pb_column_inner][\/et_pb_row_inner][\/et_pb_column][\/et_pb_section][et_pb_section fb_built=\u00bb1&#8243; _builder_version=\u00bb4.16&#8243; custom_padding=\u00bb||0px|||\u00bb global_colors_info=\u00bb{}\u00bb][et_pb_row column_structure=\u00bb1_2,1_2&#8243; _builder_version=\u00bb4.16&#8243; min_height=\u00bb184px\u00bb saved_tabs=\u00bball\u00bb global_colors_info=\u00bb{}\u00bb][et_pb_column type=\u00bb1_2&#8243; _builder_version=\u00bb4.16&#8243; global_colors_info=\u00bb{}\u00bb][et_pb_accordion _builder_version=\u00bb4.20.4&#8243; transform_translate=\u00bb0px|66px\u00bb min_height=\u00bb307px\u00bb global_colors_info=\u00bb{}\u00bb][et_pb_accordion_item title=\u00bbEMOCIONES MARIANAS\u00bb open=\u00bbon\u00bb _builder_version=\u00bb4.20.4&#8243; border_radii=\u00bbon|4px|4px|4px|4px\u00bb border_width_all=\u00bb4px\u00bb global_colors_info=\u00bb{}\u00bb toggle_font_size=\u00bb21px\u00bb]<\/p>\n<blockquote>\n<p>Mar\u00eda y la empat\u00eda: Vamos a escribir, en papeles distintos, el nombre de las mujeres que, junto con Mar\u00eda, acompa\u00f1aron a Jes\u00fas a lo largo de su vida. Mete todos los papeles en una cajita y ahora cada miembro de la familia elige uno al azar. Tendr\u00e9is que dibujar a ese personaje y poner una peque\u00f1a descripci\u00f3n de ella y 5 caracter\u00edsticas que le un\u00edan afectivamente a Mar\u00eda.<\/p>\n<p>Pod\u00e9is repetir este ejercicio, hasta que todos hay\u00e1is escrito algo de cada personaje.<\/p>\n<\/blockquote>\n<p>[\/et_pb_accordion_item][\/et_pb_accordion][et_pb_divider show_divider=\u00bboff\u00bb disabled_on=\u00bboff|off|off\u00bb admin_label=\u00bbSeparador\u00bb _builder_version=\u00bb4.20.4&#8243; _module_preset=\u00bbdefault\u00bb global_colors_info=\u00bb{}\u00bb][\/et_pb_divider][\/et_pb_column][et_pb_column type=\u00bb1_2&#8243; _builder_version=\u00bb4.16&#8243; global_colors_info=\u00bb{}\u00bb][et_pb_text _builder_version=\u00bb4.20.4&#8243; global_colors_info=\u00bb{}\u00bb]<\/p>\n<h3><img loading=\"lazy\" decoding=\"async\" class=\"wp-image-9387 alignnone \" src=\"https:\/\/salesianos.info\/mayosalesiano\/wp-content\/uploads\/sites\/3\/2021\/04\/cancion-150x150-1.png\" alt=\"\" width=\"32\" height=\"32\" \/>\u00a0<span style=\"font-size: 18pt\"> <strong>Canta a Mar\u00eda<\/strong><\/span><\/h3>\n<p>[\/et_pb_text][et_pb_video src=\u00bbhttps:\/\/youtu.be\/qttAsha1z9c\u00bb _builder_version=\u00bb4.20.4&#8243; _module_preset=\u00bbdefault\u00bb global_colors_info=\u00bb{}\u00bb][\/et_pb_video][\/et_pb_column][\/et_pb_row][\/et_pb_section][et_pb_section fb_built=\u00bb1&#8243; _builder_version=\u00bb4.16&#8243; _module_preset=\u00bbdefault\u00bb global_colors_info=\u00bb{}\u00bb][et_pb_row _builder_version=\u00bb4.20.4&#8243; _module_preset=\u00bbdefault\u00bb custom_margin=\u00bb-37px|auto||auto|false|false\u00bb border_radii=\u00bbon|25px|25px|25px|25px\u00bb box_shadow_style=\u00bbpreset1&#8243; global_colors_info=\u00bb{}\u00bb][et_pb_column type=\u00bb4_4&#8243; _builder_version=\u00bb4.16&#8243; _module_preset=\u00bbdefault\u00bb global_colors_info=\u00bb{}\u00bb][et_pb_blurb title=\u00bbTiempo interior\u00bb url=\u00bbhttps:\/\/www.salesianos.edu\/tiempo-interior\/\u00bb url_new_window=\u00bbon\u00bb use_icon=\u00bbon\u00bb font_icon=\u00bb&#xe066;||divi||400&#8243; _builder_version=\u00bb4.20.4&#8243; _module_preset=\u00bbdefault\u00bb header_text_align=\u00bbcenter\u00bb header_text_color=\u00bb#DC001B\u00bb header_font_size=\u00bb23px\u00bb body_text_color=\u00bb#DC001B\u00bb custom_margin=\u00bb|40px||40px|false|false\u00bb link_option_url=\u00bbhttps:\/\/www.salesianos.edu\/tiempo-interior\/\u00bb link_option_url_new_window=\u00bbon\u00bb global_colors_info=\u00bb{}\u00bb]<\/p>\n<p style=\"text-align: center\"><span style=\"font-weight: 400\">Dedica un tiempo de reflexi\u00f3n al comentario del Evangelio<\/span><\/p>\n<p>[\/et_pb_blurb][\/et_pb_column][\/et_pb_row][\/et_pb_section]<\/p>\n","protected":false},"excerpt":{"rendered":"<p>28 de MayoD\u00cdA 28 \u2013 Alhel\u00ed CON FLORES A MAR\u00cdA Originario del Mediterr\u00e1neo, por su fragancia dulce y su capacidad de florecer en los inviernos m\u00e1s fr\u00edos, se reconoce como s\u00edmbolo de la fortaleza del amor verdadero que nunca se apaga. Su firmeza, en las estaciones m\u00e1s duras, nos recuerda que el amor aut\u00e9ntico, la [&hellip;]<\/p>\n","protected":false},"author":3,"featured_media":3004,"parent":0,"menu_order":0,"comment_status":"closed","ping_status":"closed","template":"","meta":{"_et_pb_use_builder":"on","_et_pb_old_content":"<p>[et_pb_section fb_built=\"1\" fullwidth=\"on\" _builder_version=\"4.16\" _module_preset=\"default\" global_colors_info=\"{}\"][et_pb_fullwidth_header title=\"#MayoSalesiano\" button_one_text=\"IR A TODOS LOS RECURSOS\" button_one_url=\"@ET-DC@eyJkeW5hbWljIjp0cnVlLCJjb250ZW50IjoicG9zdF9saW5rX3VybF9wYWdlIiwic2V0dGluZ3MiOnsicG9zdF9pZCI6IjE3MzMifX0=@\" _builder_version=\"4.20.4\" _dynamic_attributes=\"button_one_url\" _module_preset=\"default\" title_text_color=\"#a53e75\" title_font_size=\"42px\" content_text_color=\"#a53e75\" content_font_size=\"22px\" subhead_font_size=\"27px\" background_image=\"https:\/\/salesianos.info\/mayosalesiano\/wp-content\/uploads\/sites\/3\/2021\/04\/MAYO-SALESIANO.jpg\" custom_button_one=\"on\" button_one_bg_color=\"#a53e75\" global_colors_info=\"{}\"]<strong>26 de Mayo<\/strong><br \/>[\/et_pb_fullwidth_header][\/et_pb_section][et_pb_section fb_built=\"1\" specialty=\"on\" _builder_version=\"4.16\" min_height=\"390px\" custom_margin=\"||-65px|||\" global_colors_info=\"{}\"][et_pb_column type=\"1_3\" _builder_version=\"4.16\" custom_padding=\"|||\" global_colors_info=\"{}\" custom_padding__hover=\"|||\"][et_pb_image src=\"https:\/\/salesianos.info\/mayosalesiano\/wp-content\/uploads\/sites\/3\/2023\/04\/27_Zamora.jpg\" title_text=\"27_Zamora\" url=\"https:\/\/salesianos.info\/mayosalesiano\/wp-content\/uploads\/sites\/3\/2023\/04\/01_mozambique.jpg\" url_new_window=\"on\" align=\"center\" _builder_version=\"4.20.4\" hover_enabled=\"0\" border_radii=\"on|10px|10px|10px|10px\" global_colors_info=\"{}\" transform_styles__hover_enabled=\"on|hover\" transform_scale__hover_enabled=\"on|hover\" transform_translate__hover_enabled=\"on|desktop\" transform_rotate__hover_enabled=\"on|desktop\" transform_skew__hover_enabled=\"on|desktop\" transform_origin__hover_enabled=\"on|desktop\" transform_scale__hover=\"130%|130%\" src__hover_enabled=\"off|desktop\" src__hover=\"https:\/\/salesianos.info\/mayosalesiano\/wp-content\/uploads\/sites\/3\/2022\/04\/01_Burgos.jpg\" sticky_enabled=\"0\"][\/et_pb_image][\/et_pb_column][et_pb_column type=\"2_3\" specialty_columns=\"2\" _builder_version=\"4.16\" custom_padding=\"|||\" global_colors_info=\"{}\" custom_padding__hover=\"|||\"][et_pb_row_inner _builder_version=\"4.16\" global_colors_info=\"{}\"][et_pb_column_inner saved_specialty_column_type=\"2_3\" _builder_version=\"4.16\" global_colors_info=\"{}\"][et_pb_testimonial _builder_version=\"4.20.4\" body_font_size=\"12px\" author_text_color=\"#dc001b\" company_text_color=\"#494949\" company_font_size=\"11px\" company_letter_spacing=\"1px\" hover_enabled=\"0\" border_width_all_portrait=\"2px\" border_color_all_portrait=\"#dc001b\" box_shadow_style=\"preset2\" box_shadow_horizontal=\"3px\" box_shadow_vertical=\"3px\" box_shadow_blur=\"4px\" box_shadow_spread=\"-1px\" saved_tabs=\"all\" global_colors_info=\"{}\" sticky_enabled=\"0\"]<\/p><h1>Bienaventurados<\/h1><p>Mar\u00eda vivi\u00f3 como nadie las bienaventuranzas de Jes\u00fas.<br \/>Ella es la que se estremec\u00eda de gozo en la presencia de Dios, conservaba todo en su coraz\u00f3n y se dej\u00f3 atravesar por la espada del dolor.<br \/>Es santa entre los santos, la m\u00e1s bendita, la que nos ense\u00f1a el camino de la santidad y nos acompa\u00f1a.<br \/>Ella no acepta que nos quedemos ca\u00eddos y, a veces, nos lleva en sus brazos sin juzgarnos.<br \/>Conversar con Ella nos consuela, nos libera y nos santifica.<br \/>La Madre no necesita muchas palabras, ni que nos esforcemos demasiado para explicarle lo que nos pasa.<\/p><blockquote><p><strong>LA PREGUNTA: \u00bfTengo algo qu\u00e9 decirle? Algo m\u00edo, de otros, de mi entorno, de... \u00a1Ella est\u00e1 atenta y me acompa\u00f1a!<\/strong><\/p><\/blockquote><p>[\/et_pb_testimonial][\/et_pb_column_inner][\/et_pb_row_inner][\/et_pb_column][\/et_pb_section][et_pb_section fb_built=\"1\" _builder_version=\"4.16\" custom_padding=\"||0px|||\" global_colors_info=\"{}\"][et_pb_row column_structure=\"1_2,1_2\" _builder_version=\"4.16\" min_height=\"184px\" saved_tabs=\"all\" global_colors_info=\"{}\"][et_pb_column type=\"1_2\" _builder_version=\"4.16\" global_colors_info=\"{}\"][et_pb_accordion _builder_version=\"4.20.4\" transform_translate=\"0px|66px\" min_height=\"307px\" hover_enabled=\"0\" global_colors_info=\"{}\" sticky_enabled=\"0\"][et_pb_accordion_item title=\"MAR\u00cdA Y LAS EMOCIONES\" open=\"on\" _builder_version=\"4.20.4\" hover_enabled=\"0\" border_radii=\"on|4px|4px|4px|4px\" border_width_all=\"4px\" global_colors_info=\"{}\" toggle_font_size=\"21px\" sticky_enabled=\"0\"]<\/p><blockquote><p>Term\u00f3metro de las emociones de Mar\u00eda. Fabricad un Term\u00f3metro con las 6 emociones b\u00e1sicas (Alegr\u00eda, Amor, Tristeza, Ira, Miedo, Sorpresa, Felicidad, Asco) y ahora cada d\u00eda, despu\u00e9s de leer la lectura del d\u00eda, cambiad los niveles de cada term\u00f3metro seg\u00fan pens\u00e9is que os sent\u00eds despu\u00e9s de la lectura. As\u00ed le iremos dando importancia a las emociones poco a poco<\/p><\/blockquote><p>[\/et_pb_accordion_item][et_pb_accordion_item title=\"PEL\u00cdCULA RECOMENDADA\" open=\"on\" _builder_version=\"4.20.4\" hover_enabled=\"0\" border_radii=\"on|4px|4px|4px|4px\" border_width_all=\"4px\" global_colors_info=\"{}\" toggle_font_size=\"21px\" sticky_enabled=\"0\"]<\/p><p><a href=\"https:\/\/www.historiasdelrosario.com\/\" target=\"_blank\" rel=\"noopener\"><img class=\"wp-image-1003 size-full aligncenter\" src=\"https:\/\/salesianos.info\/mayosalesiano\/wp-content\/uploads\/sites\/3\/2021\/04\/CARTEL-ROSARIO-web.jpg\" alt=\"\" width=\"1034\" height=\"1477\" \/><\/a><\/p><p>[\/et_pb_accordion_item][\/et_pb_accordion][et_pb_divider show_divider=\"off\" disabled_on=\"off|off|off\" admin_label=\"Separador\" _builder_version=\"4.20.4\" _module_preset=\"default\" global_colors_info=\"{}\"][\/et_pb_divider][\/et_pb_column][et_pb_column type=\"1_2\" _builder_version=\"4.16\" global_colors_info=\"{}\"][et_pb_text _builder_version=\"4.20.4\" global_colors_info=\"{}\"]<\/p><h3><img class=\"wp-image-9387 alignnone \" src=\"https:\/\/salesianos.info\/mayosalesiano\/wp-content\/uploads\/sites\/3\/2021\/04\/cancion-150x150-1.png\" alt=\"\" width=\"32\" height=\"32\" \/>\u00a0<span style=\"font-size: 18pt;\"> <strong>Canta a Mar\u00eda<\/strong><\/span><\/h3><p>[\/et_pb_text][et_pb_video src=\"https:\/\/youtu.be\/FbzrfArbs9A\" _builder_version=\"4.20.4\" _module_preset=\"default\" hover_enabled=\"0\" global_colors_info=\"{}\" sticky_enabled=\"0\"][\/et_pb_video][\/et_pb_column][\/et_pb_row][\/et_pb_section][et_pb_section fb_built=\"1\" _builder_version=\"4.16\" _module_preset=\"default\" global_colors_info=\"{}\"][et_pb_row _builder_version=\"4.20.4\" _module_preset=\"default\" custom_margin=\"-37px|auto||auto|false|false\" border_radii=\"on|25px|25px|25px|25px\" box_shadow_style=\"preset1\" global_colors_info=\"{}\"][et_pb_column type=\"4_4\" _builder_version=\"4.16\" _module_preset=\"default\" global_colors_info=\"{}\"][et_pb_blurb title=\"Tiempo interior\" url=\"https:\/\/www.salesianos.edu\/tiempo-interior\/\" url_new_window=\"on\" use_icon=\"on\" font_icon=\"\ue066||divi||400\" _builder_version=\"4.20.4\" _module_preset=\"default\" header_text_align=\"center\" header_text_color=\"#DC001B\" header_font_size=\"23px\" body_text_color=\"#DC001B\" custom_margin=\"|40px||40px|false|false\" link_option_url=\"https:\/\/www.salesianos.edu\/tiempo-interior\/\" link_option_url_new_window=\"on\" global_colors_info=\"{}\"]<\/p><p style=\"text-align: center;\"><span style=\"font-weight: 400;\">Dedica un tiempo de reflexi\u00f3n al comentario del Evangelio<\/span><\/p><p>[\/et_pb_blurb][\/et_pb_column][\/et_pb_row][\/et_pb_section]<\/p>","_et_gb_content_width":"","footnotes":""},"class_list":["post-2218","page","type-page","status-publish","has-post-thumbnail","hentry"],"yoast_head":"<!-- This site is optimized with the Yoast SEO plugin v27.3 - https:\/\/yoast.com\/product\/yoast-seo-wordpress\/ -->\n<title>28 de mayo - #MayoSalesiano<\/title>\n<meta name=\"description\" content=\"Recursos sobre Mar\u00eda Auxiliadora para todas las edades que te har\u00e1n vivir un mayo salesiano en conexi\u00f3n con nuestra madre.\" \/>\n<meta name=\"robots\" content=\"index, follow, max-snippet:-1, max-image-preview:large, max-video-preview:-1\" \/>\n<link rel=\"canonical\" href=\"https:\/\/salesianos.info\/mayosalesiano\/28-de-mayo\/\" \/>\n<meta property=\"og:locale\" content=\"es_ES\" \/>\n<meta property=\"og:type\" content=\"article\" \/>\n<meta property=\"og:title\" content=\"28 de mayo - #MayoSalesiano\" \/>\n<meta property=\"og:description\" content=\"Recursos sobre Mar\u00eda Auxiliadora para todas las edades que te har\u00e1n vivir un mayo salesiano en conexi\u00f3n con nuestra madre.\" \/>\n<meta property=\"og:url\" content=\"https:\/\/salesianos.info\/mayosalesiano\/28-de-mayo\/\" \/>\n<meta property=\"og:site_name\" content=\"#MayoSalesiano\" \/>\n<meta property=\"article:modified_time\" content=\"2026-04-14T07:25:06+00:00\" \/>\n<meta property=\"og:image\" content=\"https:\/\/salesianos.info\/mayosalesiano\/wp-content\/uploads\/sites\/3\/2026\/04\/28_Estampa_mayo_2026_A.jpg\" \/>\n\t<meta property=\"og:image:width\" content=\"898\" \/>\n\t<meta property=\"og:image:height\" content=\"1287\" \/>\n\t<meta property=\"og:image:type\" content=\"image\/jpeg\" \/>\n<meta name=\"twitter:card\" content=\"summary_large_image\" \/>\n<meta name=\"twitter:label1\" content=\"Tiempo de lectura\" \/>\n\t<meta name=\"twitter:data1\" content=\"2 minutos\" \/>\n<script type=\"application\/ld+json\" class=\"yoast-schema-graph\">{\"@context\":\"https:\\\/\\\/schema.org\",\"@graph\":[{\"@type\":\"WebPage\",\"@id\":\"https:\\\/\\\/salesianos.info\\\/mayosalesiano\\\/28-de-mayo\\\/\",\"url\":\"https:\\\/\\\/salesianos.info\\\/mayosalesiano\\\/28-de-mayo\\\/\",\"name\":\"28 de mayo - #MayoSalesiano\",\"isPartOf\":{\"@id\":\"https:\\\/\\\/salesianos.info\\\/mayosalesiano\\\/#website\"},\"primaryImageOfPage\":{\"@id\":\"https:\\\/\\\/salesianos.info\\\/mayosalesiano\\\/28-de-mayo\\\/#primaryimage\"},\"image\":{\"@id\":\"https:\\\/\\\/salesianos.info\\\/mayosalesiano\\\/28-de-mayo\\\/#primaryimage\"},\"thumbnailUrl\":\"https:\\\/\\\/salesianos.info\\\/mayosalesiano\\\/wp-content\\\/uploads\\\/sites\\\/3\\\/2026\\\/04\\\/28_Estampa_mayo_2026_A.jpg\",\"datePublished\":\"2023-04-25T07:45:49+00:00\",\"dateModified\":\"2026-04-14T07:25:06+00:00\",\"description\":\"Recursos sobre Mar\u00eda Auxiliadora para todas las edades que te har\u00e1n vivir un mayo salesiano en conexi\u00f3n con nuestra madre.\",\"breadcrumb\":{\"@id\":\"https:\\\/\\\/salesianos.info\\\/mayosalesiano\\\/28-de-mayo\\\/#breadcrumb\"},\"inLanguage\":\"es\",\"potentialAction\":[{\"@type\":\"ReadAction\",\"target\":[\"https:\\\/\\\/salesianos.info\\\/mayosalesiano\\\/28-de-mayo\\\/\"]}]},{\"@type\":\"ImageObject\",\"inLanguage\":\"es\",\"@id\":\"https:\\\/\\\/salesianos.info\\\/mayosalesiano\\\/28-de-mayo\\\/#primaryimage\",\"url\":\"https:\\\/\\\/salesianos.info\\\/mayosalesiano\\\/wp-content\\\/uploads\\\/sites\\\/3\\\/2026\\\/04\\\/28_Estampa_mayo_2026_A.jpg\",\"contentUrl\":\"https:\\\/\\\/salesianos.info\\\/mayosalesiano\\\/wp-content\\\/uploads\\\/sites\\\/3\\\/2026\\\/04\\\/28_Estampa_mayo_2026_A.jpg\",\"width\":898,\"height\":1287},{\"@type\":\"BreadcrumbList\",\"@id\":\"https:\\\/\\\/salesianos.info\\\/mayosalesiano\\\/28-de-mayo\\\/#breadcrumb\",\"itemListElement\":[{\"@type\":\"ListItem\",\"position\":1,\"name\":\"Portada\",\"item\":\"https:\\\/\\\/salesianos.info\\\/mayosalesiano\\\/\"},{\"@type\":\"ListItem\",\"position\":2,\"name\":\"28 de mayo\"}]},{\"@type\":\"WebSite\",\"@id\":\"https:\\\/\\\/salesianos.info\\\/mayosalesiano\\\/#website\",\"url\":\"https:\\\/\\\/salesianos.info\\\/mayosalesiano\\\/\",\"name\":\"#MayoSalesiano\",\"description\":\"Web de recursos del Mes de Mayo Salesiano\",\"potentialAction\":[{\"@type\":\"SearchAction\",\"target\":{\"@type\":\"EntryPoint\",\"urlTemplate\":\"https:\\\/\\\/salesianos.info\\\/mayosalesiano\\\/?s={search_term_string}\"},\"query-input\":{\"@type\":\"PropertyValueSpecification\",\"valueRequired\":true,\"valueName\":\"search_term_string\"}}],\"inLanguage\":\"es\"}]}<\/script>\n<!-- \/ Yoast SEO plugin. -->","yoast_head_json":{"title":"28 de mayo - #MayoSalesiano","description":"Recursos sobre Mar\u00eda Auxiliadora para todas las edades que te har\u00e1n vivir un mayo salesiano en conexi\u00f3n con nuestra madre.","robots":{"index":"index","follow":"follow","max-snippet":"max-snippet:-1","max-image-preview":"max-image-preview:large","max-video-preview":"max-video-preview:-1"},"canonical":"https:\/\/salesianos.info\/mayosalesiano\/28-de-mayo\/","og_locale":"es_ES","og_type":"article","og_title":"28 de mayo - #MayoSalesiano","og_description":"Recursos sobre Mar\u00eda Auxiliadora para todas las edades que te har\u00e1n vivir un mayo salesiano en conexi\u00f3n con nuestra madre.","og_url":"https:\/\/salesianos.info\/mayosalesiano\/28-de-mayo\/","og_site_name":"#MayoSalesiano","article_modified_time":"2026-04-14T07:25:06+00:00","og_image":[{"width":898,"height":1287,"url":"https:\/\/salesianos.info\/mayosalesiano\/wp-content\/uploads\/sites\/3\/2026\/04\/28_Estampa_mayo_2026_A.jpg","type":"image\/jpeg"}],"twitter_card":"summary_large_image","twitter_misc":{"Tiempo de lectura":"2 minutos"},"schema":{"@context":"https:\/\/schema.org","@graph":[{"@type":"WebPage","@id":"https:\/\/salesianos.info\/mayosalesiano\/28-de-mayo\/","url":"https:\/\/salesianos.info\/mayosalesiano\/28-de-mayo\/","name":"28 de mayo - #MayoSalesiano","isPartOf":{"@id":"https:\/\/salesianos.info\/mayosalesiano\/#website"},"primaryImageOfPage":{"@id":"https:\/\/salesianos.info\/mayosalesiano\/28-de-mayo\/#primaryimage"},"image":{"@id":"https:\/\/salesianos.info\/mayosalesiano\/28-de-mayo\/#primaryimage"},"thumbnailUrl":"https:\/\/salesianos.info\/mayosalesiano\/wp-content\/uploads\/sites\/3\/2026\/04\/28_Estampa_mayo_2026_A.jpg","datePublished":"2023-04-25T07:45:49+00:00","dateModified":"2026-04-14T07:25:06+00:00","description":"Recursos sobre Mar\u00eda Auxiliadora para todas las edades que te har\u00e1n vivir un mayo salesiano en conexi\u00f3n con nuestra madre.","breadcrumb":{"@id":"https:\/\/salesianos.info\/mayosalesiano\/28-de-mayo\/#breadcrumb"},"inLanguage":"es","potentialAction":[{"@type":"ReadAction","target":["https:\/\/salesianos.info\/mayosalesiano\/28-de-mayo\/"]}]},{"@type":"ImageObject","inLanguage":"es","@id":"https:\/\/salesianos.info\/mayosalesiano\/28-de-mayo\/#primaryimage","url":"https:\/\/salesianos.info\/mayosalesiano\/wp-content\/uploads\/sites\/3\/2026\/04\/28_Estampa_mayo_2026_A.jpg","contentUrl":"https:\/\/salesianos.info\/mayosalesiano\/wp-content\/uploads\/sites\/3\/2026\/04\/28_Estampa_mayo_2026_A.jpg","width":898,"height":1287},{"@type":"BreadcrumbList","@id":"https:\/\/salesianos.info\/mayosalesiano\/28-de-mayo\/#breadcrumb","itemListElement":[{"@type":"ListItem","position":1,"name":"Portada","item":"https:\/\/salesianos.info\/mayosalesiano\/"},{"@type":"ListItem","position":2,"name":"28 de mayo"}]},{"@type":"WebSite","@id":"https:\/\/salesianos.info\/mayosalesiano\/#website","url":"https:\/\/salesianos.info\/mayosalesiano\/","name":"#MayoSalesiano","description":"Web de recursos del Mes de Mayo Salesiano","potentialAction":[{"@type":"SearchAction","target":{"@type":"EntryPoint","urlTemplate":"https:\/\/salesianos.info\/mayosalesiano\/?s={search_term_string}"},"query-input":{"@type":"PropertyValueSpecification","valueRequired":true,"valueName":"search_term_string"}}],"inLanguage":"es"}]}},"_links":{"self":[{"href":"https:\/\/salesianos.info\/mayosalesiano\/wp-json\/wp\/v2\/pages\/2218","targetHints":{"allow":["GET"]}}],"collection":[{"href":"https:\/\/salesianos.info\/mayosalesiano\/wp-json\/wp\/v2\/pages"}],"about":[{"href":"https:\/\/salesianos.info\/mayosalesiano\/wp-json\/wp\/v2\/types\/page"}],"author":[{"embeddable":true,"href":"https:\/\/salesianos.info\/mayosalesiano\/wp-json\/wp\/v2\/users\/3"}],"replies":[{"embeddable":true,"href":"https:\/\/salesianos.info\/mayosalesiano\/wp-json\/wp\/v2\/comments?post=2218"}],"version-history":[{"count":11,"href":"https:\/\/salesianos.info\/mayosalesiano\/wp-json\/wp\/v2\/pages\/2218\/revisions"}],"predecessor-version":[{"id":3037,"href":"https:\/\/salesianos.info\/mayosalesiano\/wp-json\/wp\/v2\/pages\/2218\/revisions\/3037"}],"wp:featuredmedia":[{"embeddable":true,"href":"https:\/\/salesianos.info\/mayosalesiano\/wp-json\/wp\/v2\/media\/3004"}],"wp:attachment":[{"href":"https:\/\/salesianos.info\/mayosalesiano\/wp-json\/wp\/v2\/media?parent=2218"}],"curies":[{"name":"wp","href":"https:\/\/api.w.org\/{rel}","templated":true}]}}