{"id":977,"date":"2021-04-28T12:20:10","date_gmt":"2021-04-28T12:20:10","guid":{"rendered":"https:\/\/salesianos.info\/mayosalesiano\/?page_id=977"},"modified":"2021-04-28T15:13:23","modified_gmt":"2021-04-28T15:13:23","slug":"orar-con-maria","status":"publish","type":"page","link":"https:\/\/salesianos.info\/mayosalesiano\/orar-con-maria\/","title":{"rendered":"Orar con Mar\u00eda"},"content":{"rendered":"<p>[et_pb_section fb_built=\u00bb1&#8243; fullwidth=\u00bbon\u00bb _builder_version=\u00bb4.4.4&#8243;][et_pb_fullwidth_header _builder_version=\u00bb4.4.4&#8243; title_font_size=\u00bb38px\u00bb subhead_font_size=\u00bb21px\u00bb background_image=\u00bbhttps:\/\/salesianos.info\/mayosalesiano\/wp-content\/uploads\/sites\/3\/2021\/04\/novenaBANNER-copia-1-copia.jpg\u00bb min_height=\u00bb297px\u00bb custom_margin=\u00bb||90px|||\u00bb custom_padding=\u00bb||0px|||\u00bb background_last_edited=\u00bbon|phone\u00bb background_image_phone=\u00bbhttps:\/\/salesianos.info\/mayosalesiano\/wp-content\/uploads\/sites\/3\/2021\/04\/MVL12020-novena-MAUX-19-mayo-6-copia.jpg\u00bb background_enable_image_phone=\u00bbon\u00bb parallax_phone=\u00bboff\u00bb background_size_phone=\u00bbcover\u00bb title_text_phone=\u00bbMicrosoft Word &#8211; 2020 novena LA EUCARIST\u00cdA Y LA VIRGEN (1).docx\u00bb][\/et_pb_fullwidth_header][\/et_pb_section][et_pb_section fb_built=\u00bb1&#8243; _builder_version=\u00bb4.4.4&#8243;][et_pb_row _builder_version=\u00bb4.4.4&#8243; background_image=\u00bbhttps:\/\/salesianos.info\/mayosalesiano\/wp-content\/uploads\/sites\/3\/2021\/04\/0novenaBANNER-copia-1-copia-1-copia.jpg\u00bb border_radii=\u00bbon|30px|30px|30px|30px\u00bb][et_pb_column type=\u00bb4_4&#8243; _builder_version=\u00bb4.4.4&#8243;][et_pb_button button_text=\u00bbEUCARIST\u00cdA #ENDIRECTO\u00bb button_alignment=\u00bbcenter\u00bb _builder_version=\u00bb4.8.2&#8243; custom_button=\u00bbon\u00bb button_text_size=\u00bb27px\u00bb button_text_color=\u00bb#ffffff\u00bb button_bg_image=\u00bbhttps:\/\/salesianos.info\/mayosalesiano\/wp-content\/uploads\/sites\/3\/2021\/04\/0novenaBANNER-copia-1-copia-1-copia.jpg\u00bb button_border_radius=\u00bb30px\u00bb button_letter_spacing=\u00bb6px\u00bb button_icon=\u00bb%%151%%\u00bb hover_enabled=\u00bb0&#8243; button_text_shadow_style=\u00bbpreset1&#8243; button_text_shadow_color=\u00bbrgba(209,29,140,0.4)\u00bb box_shadow_style=\u00bbpreset2&#8243; box_shadow_vertical=\u00bb3px\u00bb box_shadow_blur=\u00bb6px\u00bb box_shadow_spread=\u00bb-3px\u00bb transform_styles__hover_enabled=\u00bbon|hover\u00bb transform_scale__hover_enabled=\u00bbon|hover\u00bb transform_translate__hover_enabled=\u00bbon|desktop\u00bb transform_rotate__hover_enabled=\u00bbon|desktop\u00bb transform_skew__hover_enabled=\u00bbon|desktop\u00bb transform_origin__hover_enabled=\u00bbon|desktop\u00bb transform_scale__hover=\u00bb112%|112%\u00bb sticky_enabled=\u00bb0&#8243;][\/et_pb_button][et_pb_text _builder_version=\u00bb4.8.2&#8243; text_orientation=\u00bbcenter\u00bb custom_padding=\u00bb|40px||40px|false|false\u00bb hover_enabled=\u00bb0&#8243; text_text_shadow_style=\u00bbpreset1&#8243; text_text_shadow_horizontal_length=\u00bb0.13em\u00bb text_text_shadow_vertical_length=\u00bb0.05em\u00bb text_text_shadow_blur_strength=\u00bb0.31em\u00bb text_text_shadow_color=\u00bbrgba(191,0,143,0.87)\u00bb border_radii=\u00bbon|30px|30px|30px|30px\u00bb sticky_enabled=\u00bb0&#8243;]<\/p>\n<p style=\"text-align: center;\"><span style=\"font-size: 14pt; color: #ffffff;\">24 de Mayo &#8211; 20:00 h. | <strong>Solemne Eucarist\u00eda.<\/strong><\/span><\/p>\n<p style=\"text-align: center;\"><span color=\"#ffffff\" size=\"4\" style=\"color: #ffffff; font-size: large;\"><span style=\"caret-color: #ffffff;\">Desde Salesianos Trinidad<\/span><\/span><\/p>\n<p>[\/et_pb_text][\/et_pb_column][\/et_pb_row][et_pb_row column_structure=\u00bb1_3,1_3,1_3&#8243; _builder_version=\u00bb4.4.4&#8243;][et_pb_column type=\u00bb1_3&#8243; _builder_version=\u00bb4.4.4&#8243;][et_pb_blurb title=\u00bbORACIONES\u00bb url=\u00bbhttps:\/\/www.salesianos.edu\/mayosalesiano\/wp-content\/uploads\/sites\/17\/2020\/05\/DEVOCIONARIO-MARI\u0301A-AUXILIADORA-1.pdf\u00bb url_new_window=\u00bbon\u00bb image=\u00bbhttps:\/\/salesianos.info\/mayosalesiano\/wp-content\/uploads\/sites\/3\/2021\/04\/oraciones-copia.png\u00bb _builder_version=\u00bb4.4.4&#8243; header_text_color=\u00bb#d84e91&#8243; header_font_size=\u00bb24px\u00bb body_font_size=\u00bb17px\u00bb text_orientation=\u00bbcenter\u00bb link_option_url=\u00bbhttps:\/\/www.salesianos.edu\/mayosalesiano\/wp-content\/uploads\/sites\/17\/2020\/05\/DEVOCIONARIO-MARI\u0301A-AUXILIADORA-1.pdf\u00bb link_option_url_new_window=\u00bbon\u00bb]<\/p>\n<p>Disponible el <strong>devocionario con oraciones a la Virgen<\/strong> para su descarga y uso diario.<\/p>\n<p>[\/et_pb_blurb][\/et_pb_column][et_pb_column type=\u00bb1_3&#8243; _builder_version=\u00bb4.4.4&#8243;][et_pb_blurb title=\u00bbPOEMAS A MAR\u00cdA\u00bb url=\u00bbhttps:\/\/drive.google.com\/file\/d\/1bGtEWcsyansWu02twqxTPmEQSuM6rU5R\/view?usp=sharing\u00bb url_new_window=\u00bbon\u00bb image=\u00bbhttps:\/\/salesianos.info\/mayosalesiano\/wp-content\/uploads\/sites\/3\/2021\/04\/Cartas.png\u00bb _builder_version=\u00bb4.4.4&#8243; header_text_color=\u00bb#d84e91&#8243; header_font_size=\u00bb24px\u00bb body_font_size=\u00bb17px\u00bb text_orientation=\u00bbcenter\u00bb link_option_url=\u00bbhttps:\/\/drive.google.com\/file\/d\/1bGtEWcsyansWu02twqxTPmEQSuM6rU5R\/view?usp=sharing\u00bb link_option_url_new_window=\u00bbon\u00bb][\/et_pb_blurb][\/et_pb_column][et_pb_column type=\u00bb1_3&#8243; _builder_version=\u00bb4.4.4&#8243;][et_pb_blurb title=\u00bbREGINA COELI\u00bb url_new_window=\u00bbon\u00bb image=\u00bbhttps:\/\/salesianos.info\/mayosalesiano\/wp-content\/uploads\/sites\/3\/2021\/04\/biblia.png\u00bb _builder_version=\u00bb4.8.2&#8243; header_text_color=\u00bb#d84e91&#8243; header_font_size=\u00bb24px\u00bb body_font_size=\u00bb17px\u00bb text_orientation=\u00bbcenter\u00bb link_option_url_new_window=\u00bbon\u00bb hover_enabled=\u00bb0&#8243; sticky_enabled=\u00bb0&#8243;]<\/p>\n<p style=\"text-align: center;\"><a href=\"https:\/\/www.youtube.com\/channel\/UCgTQXpB2IjImUqv2XNRai6A\"><strong>Cada d\u00eda a las 12 de la ma\u00f1ana<\/strong> <\/a>durante todo el mes de mayo, rezar y saludar a nuestra madre con esta oraci\u00f3n.<\/p>\n<p>[\/et_pb_blurb][\/et_pb_column][\/et_pb_row][\/et_pb_section]<\/p>\n","protected":false},"excerpt":{"rendered":"<p>24 de Mayo &#8211; 20:00 h. | Solemne Eucarist\u00eda. Desde Salesianos TrinidadDisponible el devocionario con oraciones a la Virgen para su descarga y uso diario.Cada d\u00eda a las 12 de la ma\u00f1ana durante todo el mes de mayo, rezar y saludar a nuestra madre con esta oraci\u00f3n.<\/p>\n","protected":false},"author":3,"featured_media":0,"parent":0,"menu_order":0,"comment_status":"closed","ping_status":"closed","template":"","meta":{"_et_pb_use_builder":"on","_et_pb_old_content":"","_et_gb_content_width":"","footnotes":""},"class_list":["post-977","page","type-page","status-publish","hentry"],"yoast_head":"<!-- This site is optimized with the Yoast SEO plugin v27.3 - https:\/\/yoast.com\/product\/yoast-seo-wordpress\/ -->\n<title>Orar con Mar\u00eda - #MayoSalesiano<\/title>\n<meta name=\"robots\" content=\"index, follow, max-snippet:-1, max-image-preview:large, max-video-preview:-1\" \/>\n<link rel=\"canonical\" href=\"https:\/\/salesianos.info\/mayosalesiano\/orar-con-maria\/\" \/>\n<meta property=\"og:locale\" content=\"es_ES\" \/>\n<meta property=\"og:type\" content=\"article\" \/>\n<meta property=\"og:title\" content=\"Orar con Mar\u00eda - #MayoSalesiano\" \/>\n<meta property=\"og:url\" content=\"https:\/\/salesianos.info\/mayosalesiano\/orar-con-maria\/\" \/>\n<meta property=\"og:site_name\" content=\"#MayoSalesiano\" \/>\n<meta property=\"article:modified_time\" content=\"2021-04-28T15:13:23+00:00\" \/>\n<meta name=\"twitter:card\" content=\"summary_large_image\" \/>\n<meta name=\"twitter:label1\" content=\"Tiempo de lectura\" \/>\n\t<meta name=\"twitter:data1\" content=\"3 minutos\" \/>\n<script type=\"application\/ld+json\" class=\"yoast-schema-graph\">{\"@context\":\"https:\\\/\\\/schema.org\",\"@graph\":[{\"@type\":\"WebPage\",\"@id\":\"https:\\\/\\\/salesianos.info\\\/mayosalesiano\\\/orar-con-maria\\\/\",\"url\":\"https:\\\/\\\/salesianos.info\\\/mayosalesiano\\\/orar-con-maria\\\/\",\"name\":\"Orar con Mar\u00eda - #MayoSalesiano\",\"isPartOf\":{\"@id\":\"https:\\\/\\\/salesianos.info\\\/mayosalesiano\\\/#website\"},\"datePublished\":\"2021-04-28T12:20:10+00:00\",\"dateModified\":\"2021-04-28T15:13:23+00:00\",\"breadcrumb\":{\"@id\":\"https:\\\/\\\/salesianos.info\\\/mayosalesiano\\\/orar-con-maria\\\/#breadcrumb\"},\"inLanguage\":\"es\",\"potentialAction\":[{\"@type\":\"ReadAction\",\"target\":[\"https:\\\/\\\/salesianos.info\\\/mayosalesiano\\\/orar-con-maria\\\/\"]}]},{\"@type\":\"BreadcrumbList\",\"@id\":\"https:\\\/\\\/salesianos.info\\\/mayosalesiano\\\/orar-con-maria\\\/#breadcrumb\",\"itemListElement\":[{\"@type\":\"ListItem\",\"position\":1,\"name\":\"Portada\",\"item\":\"https:\\\/\\\/salesianos.info\\\/mayosalesiano\\\/\"},{\"@type\":\"ListItem\",\"position\":2,\"name\":\"Orar con Mar\u00eda\"}]},{\"@type\":\"WebSite\",\"@id\":\"https:\\\/\\\/salesianos.info\\\/mayosalesiano\\\/#website\",\"url\":\"https:\\\/\\\/salesianos.info\\\/mayosalesiano\\\/\",\"name\":\"#MayoSalesiano\",\"description\":\"Web de recursos del Mes de Mayo Salesiano\",\"potentialAction\":[{\"@type\":\"SearchAction\",\"target\":{\"@type\":\"EntryPoint\",\"urlTemplate\":\"https:\\\/\\\/salesianos.info\\\/mayosalesiano\\\/?s={search_term_string}\"},\"query-input\":{\"@type\":\"PropertyValueSpecification\",\"valueRequired\":true,\"valueName\":\"search_term_string\"}}],\"inLanguage\":\"es\"}]}<\/script>\n<!-- \/ Yoast SEO plugin. -->","yoast_head_json":{"title":"Orar con Mar\u00eda - #MayoSalesiano","robots":{"index":"index","follow":"follow","max-snippet":"max-snippet:-1","max-image-preview":"max-image-preview:large","max-video-preview":"max-video-preview:-1"},"canonical":"https:\/\/salesianos.info\/mayosalesiano\/orar-con-maria\/","og_locale":"es_ES","og_type":"article","og_title":"Orar con Mar\u00eda - #MayoSalesiano","og_url":"https:\/\/salesianos.info\/mayosalesiano\/orar-con-maria\/","og_site_name":"#MayoSalesiano","article_modified_time":"2021-04-28T15:13:23+00:00","twitter_card":"summary_large_image","twitter_misc":{"Tiempo de lectura":"3 minutos"},"schema":{"@context":"https:\/\/schema.org","@graph":[{"@type":"WebPage","@id":"https:\/\/salesianos.info\/mayosalesiano\/orar-con-maria\/","url":"https:\/\/salesianos.info\/mayosalesiano\/orar-con-maria\/","name":"Orar con Mar\u00eda - #MayoSalesiano","isPartOf":{"@id":"https:\/\/salesianos.info\/mayosalesiano\/#website"},"datePublished":"2021-04-28T12:20:10+00:00","dateModified":"2021-04-28T15:13:23+00:00","breadcrumb":{"@id":"https:\/\/salesianos.info\/mayosalesiano\/orar-con-maria\/#breadcrumb"},"inLanguage":"es","potentialAction":[{"@type":"ReadAction","target":["https:\/\/salesianos.info\/mayosalesiano\/orar-con-maria\/"]}]},{"@type":"BreadcrumbList","@id":"https:\/\/salesianos.info\/mayosalesiano\/orar-con-maria\/#breadcrumb","itemListElement":[{"@type":"ListItem","position":1,"name":"Portada","item":"https:\/\/salesianos.info\/mayosalesiano\/"},{"@type":"ListItem","position":2,"name":"Orar con Mar\u00eda"}]},{"@type":"WebSite","@id":"https:\/\/salesianos.info\/mayosalesiano\/#website","url":"https:\/\/salesianos.info\/mayosalesiano\/","name":"#MayoSalesiano","description":"Web de recursos del Mes de Mayo Salesiano","potentialAction":[{"@type":"SearchAction","target":{"@type":"EntryPoint","urlTemplate":"https:\/\/salesianos.info\/mayosalesiano\/?s={search_term_string}"},"query-input":{"@type":"PropertyValueSpecification","valueRequired":true,"valueName":"search_term_string"}}],"inLanguage":"es"}]}},"_links":{"self":[{"href":"https:\/\/salesianos.info\/mayosalesiano\/wp-json\/wp\/v2\/pages\/977","targetHints":{"allow":["GET"]}}],"collection":[{"href":"https:\/\/salesianos.info\/mayosalesiano\/wp-json\/wp\/v2\/pages"}],"about":[{"href":"https:\/\/salesianos.info\/mayosalesiano\/wp-json\/wp\/v2\/types\/page"}],"author":[{"embeddable":true,"href":"https:\/\/salesianos.info\/mayosalesiano\/wp-json\/wp\/v2\/users\/3"}],"replies":[{"embeddable":true,"href":"https:\/\/salesianos.info\/mayosalesiano\/wp-json\/wp\/v2\/comments?post=977"}],"version-history":[{"count":3,"href":"https:\/\/salesianos.info\/mayosalesiano\/wp-json\/wp\/v2\/pages\/977\/revisions"}],"predecessor-version":[{"id":1032,"href":"https:\/\/salesianos.info\/mayosalesiano\/wp-json\/wp\/v2\/pages\/977\/revisions\/1032"}],"wp:attachment":[{"href":"https:\/\/salesianos.info\/mayosalesiano\/wp-json\/wp\/v2\/media?parent=977"}],"curies":[{"name":"wp","href":"https:\/\/api.w.org\/{rel}","templated":true}]}}